{"id":1158,"date":"2020-11-07T09:27:30","date_gmt":"2020-11-07T09:27:30","guid":{"rendered":"https:\/\/surielementor.com\/efinance\/?page_id=1158"},"modified":"2025-11-04T12:33:59","modified_gmt":"2025-11-04T12:33:59","slug":"servicos-para-alugueres-de-ferias","status":"publish","type":"page","link":"https:\/\/qmshosts.pt\/pt\/servicos-para-alugueres-de-ferias\/","title":{"rendered":"Servi\u00e7os para alugueres de f\u00e9rias"},"content":{"rendered":"<div data-elementor-type=\"wp-page\" data-elementor-id=\"1158\" class=\"elementor elementor-1158\">\n\t\t\t\t\t\t<section class=\"elementor-section elementor-top-section elementor-element elementor-element-7111f67f elementor-section-boxed elementor-section-height-default elementor-section-height-default\" data-id=\"7111f67f\" data-element_type=\"section\">\n\t\t\t\t\t\t<div class=\"elementor-container elementor-column-gap-default\">\n\t\t\t\t\t<div class=\"elementor-column elementor-col-100 elementor-top-column elementor-element elementor-element-532fc1af\" data-id=\"532fc1af\" data-element_type=\"column\">\n\t\t\t<div class=\"elementor-widget-wrap elementor-element-populated\">\n\t\t\t\t\t\t<section class=\"elementor-section elementor-inner-section elementor-element elementor-element-1a4a255c elementor-section-boxed elementor-section-height-default elementor-section-height-default\" data-id=\"1a4a255c\" data-element_type=\"section\">\n\t\t\t\t\t\t<div class=\"elementor-container elementor-column-gap-default\">\n\t\t\t\t\t<div class=\"elementor-column elementor-col-100 elementor-inner-column elementor-element elementor-element-7d25e2c8\" data-id=\"7d25e2c8\" data-element_type=\"column\">\n\t\t\t<div class=\"elementor-widget-wrap elementor-element-populated\">\n\t\t\t\t\t\t<div class=\"elementor-element elementor-element-4fe67cb0 elementor-widget elementor-widget-heading\" data-id=\"4fe67cb0\" data-element_type=\"widget\" data-widget_type=\"heading.default\">\n\t\t\t\t<div class=\"elementor-widget-container\">\n\t\t\t\t\t<h2 class=\"elementor-heading-title elementor-size-default\">O que podemos oferecer-lhe<\/h2>\t\t\t\t<\/div>\n\t\t\t\t<\/div>\n\t\t\t\t<div class=\"elementor-element elementor-element-5adf2f76 elementor-widget-divider--view-line elementor-widget elementor-widget-divider\" data-id=\"5adf2f76\" data-element_type=\"widget\" data-widget_type=\"divider.default\">\n\t\t\t\t<div class=\"elementor-widget-container\">\n\t\t\t\t\t\t\t<div class=\"elementor-divider\">\n\t\t\t<span class=\"elementor-divider-separator\">\n\t\t\t\t\t\t<\/span>\n\t\t<\/div>\n\t\t\t\t\t\t<\/div>\n\t\t\t\t<\/div>\n\t\t\t\t<div class=\"elementor-element elementor-element-234125c5 elementor-widget elementor-widget-heading\" data-id=\"234125c5\" data-element_type=\"widget\" data-widget_type=\"heading.default\">\n\t\t\t\t<div class=\"elementor-widget-container\">\n\t\t\t\t\t<p class=\"elementor-heading-title elementor-size-default\">Oferecemos limpeza especializada, fotografia profissional, otimiza\u00e7\u00e3o din\u00e2mica de pre\u00e7os, gest\u00e3o abrangente de listagens, servi\u00e7os de check-in\/check-out cont\u00ednuos e apoio aos h\u00f3spedes 24 horas por dia, 7 dias por semana, para garantir que as suas propriedades de aluguer de curta dura\u00e7\u00e3o est\u00e3o prontas para receber h\u00f3spedes, s\u00e3o altamente vis\u00edveis e geram o m\u00e1ximo de receitas e satisfa\u00e7\u00e3o.<\/p>\t\t\t\t<\/div>\n\t\t\t\t<\/div>\n\t\t\t\t\t<\/div>\n\t\t<\/div>\n\t\t\t\t\t<\/div>\n\t\t<\/section>\n\t\t\t\t<section class=\"elementor-section elementor-inner-section elementor-element elementor-element-36f5eeb7 elementor-section-boxed elementor-section-height-default elementor-section-height-default\" data-id=\"36f5eeb7\" data-element_type=\"section\">\n\t\t\t\t\t\t<div class=\"elementor-container elementor-column-gap-default\">\n\t\t\t\t\t<div class=\"elementor-column elementor-col-33 elementor-inner-column elementor-element elementor-element-69075047\" data-id=\"69075047\" data-element_type=\"column\">\n\t\t\t<div class=\"elementor-widget-wrap elementor-element-populated\">\n\t\t\t\t\t\t<div class=\"elementor-element elementor-element-5995bbf elementor-widget elementor-widget-tfimagebox\" data-id=\"5995bbf\" data-element_type=\"widget\" data-widget_type=\"tfimagebox.default\">\n\t\t\t\t<div class=\"elementor-widget-container\">\n\t\t\t\t\t<div class=\"tf-imagebox style-1\"> \r\n                <div class=\"image\"> <\/div>\r\n                <div class=\"content-only has-icon\"> \r\n                \t<div class=\"wrap-icon\"><i class=\"fas fa-home\"><\/i><\/div>               \t              \r\n\t\t\t\t\t<h4 class=\"title\"><a href=\"https:\/\/qmshosts.pt\/pt\/servicos-de-limpeza\/\">Servi\u00e7os de limpeza<\/a><\/h4>\r\n\t\t\t\t<\/div>\r\n                <div class=\"content\">\t\r\n                \t<div class=\"wrap-icon\"><i class=\"fas fa-home\"><\/i><\/div>                \r\n\t\t\t\t\t<h4 class=\"title\"><a href=\"https:\/\/qmshosts.pt\/pt\/servicos-de-limpeza\/\">Servi\u00e7os de limpeza<\/a><\/h4>\r\n\t                <div class=\"description\">Servi\u00e7os de limpeza especializados concebidos para propriedades de aluguer de curta dura\u00e7\u00e3o impec\u00e1veis e prontas para receber h\u00f3spedes.<\/div>\r\n\t                <div class=\"tf-button-container\"><a class=\"tf-button bt_icon_after hover-default\" href=\"https:\/\/qmshosts.pt\/pt\/servicos-de-limpeza\/\">Ler mais <i class=\"fas fa-angle-right\"><\/i><\/a><\/div>\r\n\t\t\t\t<\/div>\r\n            <\/div>\t\t\t\t<\/div>\n\t\t\t\t<\/div>\n\t\t\t\t\t<\/div>\n\t\t<\/div>\n\t\t\t\t<div class=\"elementor-column elementor-col-33 elementor-inner-column elementor-element elementor-element-70953a35\" data-id=\"70953a35\" data-element_type=\"column\">\n\t\t\t<div class=\"elementor-widget-wrap elementor-element-populated\">\n\t\t\t\t\t\t<div class=\"elementor-element elementor-element-5a5126db elementor-widget elementor-widget-tfimagebox\" data-id=\"5a5126db\" data-element_type=\"widget\" data-widget_type=\"tfimagebox.default\">\n\t\t\t\t<div class=\"elementor-widget-container\">\n\t\t\t\t\t<div class=\"tf-imagebox style-1\"> \r\n                <div class=\"image\"> <\/div>\r\n                <div class=\"content-only has-icon\"> \r\n                \t<div class=\"wrap-icon\"><i class=\"fas fa-camera-retro\"><\/i><\/div>               \t              \r\n\t\t\t\t\t<h4 class=\"title\"><a href=\"https:\/\/qmshosts.pt\/pt\/photography-services\/\">Servi\u00e7os de fotografia<\/a><\/h4>\r\n\t\t\t\t<\/div>\r\n                <div class=\"content\">\t\r\n                \t<div class=\"wrap-icon\"><i class=\"fas fa-camera-retro\"><\/i><\/div>                \r\n\t\t\t\t\t<h4 class=\"title\"><a href=\"https:\/\/qmshosts.pt\/pt\/photography-services\/\">Servi\u00e7os de fotografia<\/a><\/h4>\r\n\t                <div class=\"description\">Fotografia profissional que capta imagens impressionantes, prontas para o mercado, para an\u00fancios de propriedades de aluguer de curta dura\u00e7\u00e3o.\n<\/div>\r\n\t                <div class=\"tf-button-container\"><a class=\"tf-button bt_icon_after hover-default\" href=\"https:\/\/qmshosts.pt\/pt\/photography-services\/\">Ler mais <i class=\"fas fa-angle-right\"><\/i><\/a><\/div>\r\n\t\t\t\t<\/div>\r\n            <\/div>\t\t\t\t<\/div>\n\t\t\t\t<\/div>\n\t\t\t\t\t<\/div>\n\t\t<\/div>\n\t\t\t\t<div class=\"elementor-column elementor-col-33 elementor-inner-column elementor-element elementor-element-58a58c22\" data-id=\"58a58c22\" data-element_type=\"column\">\n\t\t\t<div class=\"elementor-widget-wrap elementor-element-populated\">\n\t\t\t\t\t\t<div class=\"elementor-element elementor-element-4330dd60 elementor-widget elementor-widget-tfimagebox\" data-id=\"4330dd60\" data-element_type=\"widget\" data-widget_type=\"tfimagebox.default\">\n\t\t\t\t<div class=\"elementor-widget-container\">\n\t\t\t\t\t<div class=\"tf-imagebox style-1\"> \r\n                <div class=\"image\"> <\/div>\r\n                <div class=\"content-only has-icon\"> \r\n                \t<div class=\"wrap-icon\"><i class=\"fas fa-euro-sign\"><\/i><\/div>               \t              \r\n\t\t\t\t\t<h4 class=\"title\"><a href=\"https:\/\/qmshosts.pt\/pt\/price-optimisation\/\">Otimiza\u00e7\u00e3o de pre\u00e7os<\/a><\/h4>\r\n\t\t\t\t<\/div>\r\n                <div class=\"content\">\t\r\n                \t<div class=\"wrap-icon\"><i class=\"fas fa-euro-sign\"><\/i><\/div>                \r\n\t\t\t\t\t<h4 class=\"title\"><a href=\"https:\/\/qmshosts.pt\/pt\/price-optimisation\/\">Otimiza\u00e7\u00e3o de pre\u00e7os<\/a><\/h4>\r\n\t                <div class=\"description\">Otimiza\u00e7\u00e3o din\u00e2mica dos pre\u00e7os para maximizar as receitas e a ocupa\u00e7\u00e3o das propriedades de aluguer de curta dura\u00e7\u00e3o.\n<\/div>\r\n\t                <div class=\"tf-button-container\"><a class=\"tf-button bt_icon_after hover-default\" href=\"https:\/\/qmshosts.pt\/pt\/price-optimisation\/\">Ler mais <i class=\"fas fa-angle-right\"><\/i><\/a><\/div>\r\n\t\t\t\t<\/div>\r\n            <\/div>\t\t\t\t<\/div>\n\t\t\t\t<\/div>\n\t\t\t\t\t<\/div>\n\t\t<\/div>\n\t\t\t\t\t<\/div>\n\t\t<\/section>\n\t\t\t\t<section class=\"elementor-section elementor-inner-section elementor-element elementor-element-1332c98b elementor-section-boxed elementor-section-height-default elementor-section-height-default\" data-id=\"1332c98b\" data-element_type=\"section\">\n\t\t\t\t\t\t<div class=\"elementor-container elementor-column-gap-default\">\n\t\t\t\t\t<div class=\"elementor-column elementor-col-33 elementor-inner-column elementor-element elementor-element-36763de9\" data-id=\"36763de9\" data-element_type=\"column\">\n\t\t\t<div class=\"elementor-widget-wrap elementor-element-populated\">\n\t\t\t\t\t\t<div class=\"elementor-element elementor-element-4e9bc75d elementor-widget elementor-widget-tfimagebox\" data-id=\"4e9bc75d\" data-element_type=\"widget\" data-widget_type=\"tfimagebox.default\">\n\t\t\t\t<div class=\"elementor-widget-container\">\n\t\t\t\t\t<div class=\"tf-imagebox style-1\"> \r\n                <div class=\"image\"> <\/div>\r\n                <div class=\"content-only has-icon\"> \r\n                \t<div class=\"wrap-icon\"><i class=\"far fa-list-alt\"><\/i><\/div>               \t              \r\n\t\t\t\t\t<h4 class=\"title\"><a href=\"https:\/\/qmshosts.pt\/pt\/gestao-de-perfis-e-listagens\/\">Gest\u00e3o de perfis e listagens<\/a><\/h4>\r\n\t\t\t\t<\/div>\r\n                <div class=\"content\">\t\r\n                \t<div class=\"wrap-icon\"><i class=\"far fa-list-alt\"><\/i><\/div>                \r\n\t\t\t\t\t<h4 class=\"title\"><a href=\"https:\/\/qmshosts.pt\/pt\/gestao-de-perfis-e-listagens\/\">Gest\u00e3o de perfis e listagens<\/a><\/h4>\r\n\t                <div class=\"description\">Gest\u00e3o abrangente de perfis e listagens para maior visibilidade e atra\u00e7\u00e3o de visitantes.<\/div>\r\n\t                <div class=\"tf-button-container\"><a class=\"tf-button bt_icon_after hover-default\" href=\"https:\/\/qmshosts.pt\/pt\/gestao-de-perfis-e-listagens\/\">Ler mais <i class=\"fas fa-angle-right\"><\/i><\/a><\/div>\r\n\t\t\t\t<\/div>\r\n            <\/div>\t\t\t\t<\/div>\n\t\t\t\t<\/div>\n\t\t\t\t\t<\/div>\n\t\t<\/div>\n\t\t\t\t<div class=\"elementor-column elementor-col-33 elementor-inner-column elementor-element elementor-element-12d59628\" data-id=\"12d59628\" data-element_type=\"column\">\n\t\t\t<div class=\"elementor-widget-wrap elementor-element-populated\">\n\t\t\t\t\t\t<div class=\"elementor-element elementor-element-20c40c73 elementor-widget elementor-widget-tfimagebox\" data-id=\"20c40c73\" data-element_type=\"widget\" data-widget_type=\"tfimagebox.default\">\n\t\t\t\t<div class=\"elementor-widget-container\">\n\t\t\t\t\t<div class=\"tf-imagebox style-1\"> \r\n                <div class=\"image\"> <\/div>\r\n                <div class=\"content-only has-icon\"> \r\n                \t<div class=\"wrap-icon\"><i class=\"fas fa-unlock-alt\"><\/i><\/div>               \t              \r\n\t\t\t\t\t<h4 class=\"title\"><a href=\"https:\/\/qmshosts.pt\/pt\/servico-de-check-in-e-check-out\/\">Servi\u00e7o de check-in\/check-out<\/a><\/h4>\r\n\t\t\t\t<\/div>\r\n                <div class=\"content\">\t\r\n                \t<div class=\"wrap-icon\"><i class=\"fas fa-unlock-alt\"><\/i><\/div>                \r\n\t\t\t\t\t<h4 class=\"title\"><a href=\"https:\/\/qmshosts.pt\/pt\/servico-de-check-in-e-check-out\/\">Servi\u00e7o de check-in\/check-out<\/a><\/h4>\r\n\t                <div class=\"description\">Servi\u00e7os de check-in e check-out sem esfor\u00e7o, garantindo sempre uma experi\u00eancia tranquila para os h\u00f3spedes.\n<\/div>\r\n\t                <div class=\"tf-button-container\"><a class=\"tf-button bt_icon_after hover-default\" href=\"https:\/\/qmshosts.pt\/pt\/servico-de-check-in-e-check-out\/\">Ler mais <i class=\"fas fa-angle-right\"><\/i><\/a><\/div>\r\n\t\t\t\t<\/div>\r\n            <\/div>\t\t\t\t<\/div>\n\t\t\t\t<\/div>\n\t\t\t\t\t<\/div>\n\t\t<\/div>\n\t\t\t\t<div class=\"elementor-column elementor-col-33 elementor-inner-column elementor-element elementor-element-699d7e6a\" data-id=\"699d7e6a\" data-element_type=\"column\">\n\t\t\t<div class=\"elementor-widget-wrap elementor-element-populated\">\n\t\t\t\t\t\t<div class=\"elementor-element elementor-element-4807d86b elementor-widget elementor-widget-tfimagebox\" data-id=\"4807d86b\" data-element_type=\"widget\" data-widget_type=\"tfimagebox.default\">\n\t\t\t\t<div class=\"elementor-widget-container\">\n\t\t\t\t\t<div class=\"tf-imagebox style-1\"> \r\n                <div class=\"image\"> <\/div>\r\n                <div class=\"content-only has-icon\"> \r\n                \t<div class=\"wrap-icon\"><i class=\"far fa-clock\"><\/i><\/div>               \t              \r\n\t\t\t\t\t<h4 class=\"title\"><a href=\"https:\/\/qmshosts.pt\/pt\/24-7-guest-support\/\">Apoio ao cliente 24\/7<\/a><\/h4>\r\n\t\t\t\t<\/div>\r\n                <div class=\"content\">\t\r\n                \t<div class=\"wrap-icon\"><i class=\"far fa-clock\"><\/i><\/div>                \r\n\t\t\t\t\t<h4 class=\"title\"><a href=\"https:\/\/qmshosts.pt\/pt\/24-7-guest-support\/\">Apoio ao cliente 24\/7<\/a><\/h4>\r\n\t                <div class=\"description\">Apoio ao cliente 24 horas por dia, assegurando uma comunica\u00e7\u00e3o perfeita e satisfa\u00e7\u00e3o para alugueres de curta dura\u00e7\u00e3o.<\/div>\r\n\t                <div class=\"tf-button-container\"><a class=\"tf-button bt_icon_after hover-default\" href=\"https:\/\/qmshosts.pt\/pt\/24-7-guest-support\/\">Ler mais <i class=\"fas fa-angle-right\"><\/i><\/a><\/div>\r\n\t\t\t\t<\/div>\r\n            <\/div>\t\t\t\t<\/div>\n\t\t\t\t<\/div>\n\t\t\t\t\t<\/div>\n\t\t<\/div>\n\t\t\t\t\t<\/div>\n\t\t<\/section>\n\t\t\t\t\t<\/div>\n\t\t<\/div>\n\t\t\t\t\t<\/div>\n\t\t<\/section>\n\t\t\t\t<\/div>","protected":false},"excerpt":{"rendered":"<p>What We Can Offer You We offer expert cleaning, professional photography, dynamic price optimisation, comprehensive listings management, seamless check-in\/check-out services, and 24\/7 guest support to ensure your short-term rental properties are guest-ready, highly visible, and generate maximum revenue and satisfaction. Cleaning Services Cleaning Services Expert cleaning services designed for flawless, guest-ready [&hellip;]<\/p>","protected":false},"author":1,"featured_media":0,"parent":0,"menu_order":0,"comment_status":"closed","ping_status":"closed","template":"elementor_header_footer","meta":{"footnotes":""},"class_list":["post-1158","page","type-page","status-publish","hentry"],"yoast_head":"<!-- This site is optimized with the Yoast SEO Premium plugin v26.6 (Yoast SEO v26.6) - https:\/\/yoast.com\/wordpress\/plugins\/seo\/ -->\n<title>Services For Holiday Rentals - Holiday Let Management Service<\/title>\n<meta name=\"description\" content=\"Explore QMS Hosts&#039; comprehensive services for holiday rentals. From property management and cleaning to guest support and price optimisation.\" \/>\n<meta name=\"robots\" content=\"index, follow, max-snippet:-1, max-image-preview:large, max-video-preview:-1\" \/>\n<link rel=\"canonical\" href=\"https:\/\/qmshosts.pt\/pt\/servicos-para-alugueres-de-ferias\/\" \/>\n<meta property=\"og:locale\" content=\"pt_PT\" \/>\n<meta property=\"og:type\" content=\"article\" \/>\n<meta property=\"og:title\" content=\"Services For Holiday Rentals\" \/>\n<meta property=\"og:description\" content=\"Explore QMS Hosts&#039; comprehensive services for holiday rentals. From property management and cleaning to guest support and price optimisation.\" \/>\n<meta property=\"og:url\" content=\"https:\/\/qmshosts.pt\/pt\/servicos-para-alugueres-de-ferias\/\" \/>\n<meta property=\"og:site_name\" content=\"Holiday Let Management Service\" \/>\n<meta property=\"article:modified_time\" content=\"2025-11-04T12:33:59+00:00\" \/>\n<meta name=\"twitter:card\" content=\"summary_large_image\" \/>\n<meta name=\"twitter:label1\" content=\"Tempo estimado de leitura\" \/>\n\t<meta name=\"twitter:data1\" content=\"1 minuto\" \/>\n<meta name=\"geo.placename\" content=\"Faro\" \/>\n<meta name=\"geo.region\" content=\"Portugal\" \/>\n<!-- \/ Yoast SEO Premium plugin. -->","yoast_head_json":{"title":"Servi\u00e7os para alugueres de f\u00e9rias - Servi\u00e7o de gest\u00e3o de alugueres de f\u00e9rias","description":"Explore os servi\u00e7os abrangentes da QMS Hosts para alugueres de f\u00e9rias. Desde a gest\u00e3o de propriedades e limpeza at\u00e9 ao apoio aos h\u00f3spedes e otimiza\u00e7\u00e3o de pre\u00e7os.","robots":{"index":"index","follow":"follow","max-snippet":"max-snippet:-1","max-image-preview":"max-image-preview:large","max-video-preview":"max-video-preview:-1"},"canonical":"https:\/\/qmshosts.pt\/pt\/servicos-para-alugueres-de-ferias\/","og_locale":"pt_PT","og_type":"article","og_title":"Services For Holiday Rentals","og_description":"Explore QMS Hosts' comprehensive services for holiday rentals. From property management and cleaning to guest support and price optimisation.","og_url":"https:\/\/qmshosts.pt\/pt\/servicos-para-alugueres-de-ferias\/","og_site_name":"Holiday Let Management Service","article_modified_time":"2025-11-04T12:33:59+00:00","twitter_card":"summary_large_image","twitter_misc":{"Tempo estimado de leitura":"1 minuto"},"schema":{"@context":"https:\/\/schema.org","@graph":[{"@type":"WebPage","@id":"https:\/\/qmshosts.pt\/en\/services-for-holiday-rentals\/","url":"https:\/\/qmshosts.pt\/en\/services-for-holiday-rentals\/","name":"Servi\u00e7os para alugueres de f\u00e9rias - Servi\u00e7o de gest\u00e3o de alugueres de f\u00e9rias","isPartOf":{"@id":"https:\/\/qmshosts.pt\/#website"},"datePublished":"2020-11-07T09:27:30+00:00","dateModified":"2025-11-04T12:33:59+00:00","description":"Explore os servi\u00e7os abrangentes da QMS Hosts para alugueres de f\u00e9rias. Desde a gest\u00e3o de propriedades e limpeza at\u00e9 ao apoio aos h\u00f3spedes e otimiza\u00e7\u00e3o de pre\u00e7os.","breadcrumb":{"@id":"https:\/\/qmshosts.pt\/en\/services-for-holiday-rentals\/#breadcrumb"},"inLanguage":"pt-PT","potentialAction":[{"@type":"ReadAction","target":["https:\/\/qmshosts.pt\/en\/services-for-holiday-rentals\/"]}]},{"@type":"BreadcrumbList","@id":"https:\/\/qmshosts.pt\/en\/services-for-holiday-rentals\/#breadcrumb","itemListElement":[{"@type":"ListItem","position":1,"name":"Home","item":"https:\/\/qmshosts.pt\/"},{"@type":"ListItem","position":2,"name":"Services For Holiday Rentals"}]},{"@type":"WebSite","@id":"https:\/\/qmshosts.pt\/#website","url":"https:\/\/qmshosts.pt\/","name":"Servi\u00e7o de gest\u00e3o de alugueres para f\u00e9rias","description":"Especializado em an\u00fancios Airbnb","publisher":{"@id":"https:\/\/qmshosts.pt\/#organization"},"potentialAction":[{"@type":"SearchAction","target":{"@type":"EntryPoint","urlTemplate":"https:\/\/qmshosts.pt\/?s={search_term_string}"},"query-input":{"@type":"PropertyValueSpecification","valueRequired":true,"valueName":"search_term_string"}}],"inLanguage":"pt-PT"},{"@type":["Organization","Place"],"@id":"https:\/\/qmshosts.pt\/#organization","name":"Servi\u00e7o de gest\u00e3o de alugueres para f\u00e9rias","url":"https:\/\/qmshosts.pt\/","logo":{"@id":"https:\/\/qmshosts.pt\/en\/services-for-holiday-rentals\/#local-main-organization-logo"},"image":{"@id":"https:\/\/qmshosts.pt\/en\/services-for-holiday-rentals\/#local-main-organization-logo"},"address":{"@id":"https:\/\/qmshosts.pt\/en\/services-for-holiday-rentals\/#local-main-place-address"},"telephone":["+351 308 802 269"],"openingHoursSpecification":{"@type":"OpeningHoursSpecification","dayOfWeek":["Monday","Tuesday","Wednesday","Thursday","Friday","Saturday","Sunday"],"opens":"00:00","closes":"23:59"},"email":"info@qms.pt","areaServed":"Quarteira","taxID":"NIPC 517989425"},{"@type":"PostalAddress","@id":"https:\/\/qmshosts.pt\/en\/services-for-holiday-rentals\/#local-main-place-address","streetAddress":"Rua do Almargem 1, Fonte Santa, Quarteira","addressLocality":"Faro","postalCode":"8125-020","addressCountry":"PT"},{"@type":"ImageObject","inLanguage":"pt-PT","@id":"https:\/\/qmshosts.pt\/en\/services-for-holiday-rentals\/#local-main-organization-logo","url":"","contentUrl":"","caption":"Holiday Let Management Service"}]},"geo.placename":"Faro","geo.region":"Portugal"},"_links":{"self":[{"href":"https:\/\/qmshosts.pt\/pt\/wp-json\/wp\/v2\/pages\/1158","targetHints":{"allow":["GET"]}}],"collection":[{"href":"https:\/\/qmshosts.pt\/pt\/wp-json\/wp\/v2\/pages"}],"about":[{"href":"https:\/\/qmshosts.pt\/pt\/wp-json\/wp\/v2\/types\/page"}],"author":[{"embeddable":true,"href":"https:\/\/qmshosts.pt\/pt\/wp-json\/wp\/v2\/users\/1"}],"replies":[{"embeddable":true,"href":"https:\/\/qmshosts.pt\/pt\/wp-json\/wp\/v2\/comments?post=1158"}],"version-history":[{"count":0,"href":"https:\/\/qmshosts.pt\/pt\/wp-json\/wp\/v2\/pages\/1158\/revisions"}],"wp:attachment":[{"href":"https:\/\/qmshosts.pt\/pt\/wp-json\/wp\/v2\/media?parent=1158"}],"curies":[{"name":"wp","href":"https:\/\/api.w.org\/{rel}","templated":true}]}}