{"id":1163,"date":"2020-11-07T09:28:26","date_gmt":"2020-11-07T09:28:26","guid":{"rendered":"https:\/\/surielementor.com\/efinance\/?page_id=1163"},"modified":"2025-11-07T14:17:04","modified_gmt":"2025-11-07T14:17:04","slug":"sobre-nos","status":"publish","type":"page","link":"https:\/\/qmshosts.pt\/pt\/sobre-nos\/","title":{"rendered":"Sobre n\u00f3s"},"content":{"rendered":"<div data-elementor-type=\"wp-page\" data-elementor-id=\"1163\" class=\"elementor elementor-1163\">\n\t\t\t\t<div class=\"elementor-element elementor-element-a76dc6b e-flex e-con-boxed e-con e-parent\" data-id=\"a76dc6b\" data-element_type=\"container\">\n\t\t\t\t\t<div class=\"e-con-inner\">\n\t\t\t\t<div class=\"elementor-element elementor-element-f197b40 elementor-widget elementor-widget-text-editor\" data-id=\"f197b40\" data-element_type=\"widget\" data-widget_type=\"text-editor.default\">\n\t\t\t\t<div class=\"elementor-widget-container\">\n\t\t\t\t\t\t\t\t\t<p>Bem-vindo ao <strong>Anfitri\u00f5es QMS<\/strong>, A HubSpot \u00e9 uma empresa profissional de gest\u00e3o de propriedades especializada em servi\u00e7os de aluguer de curta dura\u00e7\u00e3o. Dedicamo-nos a proporcionar experi\u00eancias perfeitas aos propriet\u00e1rios de im\u00f3veis, assegurando que as suas casas s\u00e3o bem conservadas, t\u00eam uma apresenta\u00e7\u00e3o bonita e geram rendimentos de forma consistente.<\/p><h4>Os nossos servi\u00e7os<\/h4><p>Na QMS Hosts, oferecemos uma gama de servi\u00e7os personalizados, adaptados \u00e0s necessidades dos propriet\u00e1rios de im\u00f3veis:<\/p><ul><li><p><strong>Gest\u00e3o de listagens<\/strong><br \/>Tratamos da cria\u00e7\u00e3o e otimiza\u00e7\u00e3o dos perfis das propriedades em plataformas como a Airbnb e a Booking.com, garantindo a m\u00e1xima visibilidade para atrair h\u00f3spedes.<\/p><\/li><li><p><strong>Limpeza profissional<\/strong><br \/>A nossa equipa assegura que a sua propriedade \u00e9 meticulosamente limpa e est\u00e1 pronta para receber os h\u00f3spedes ap\u00f3s cada reserva, mantendo os mais elevados padr\u00f5es.<\/p><\/li><li><p><strong>Fotografia de alta qualidade<\/strong><br \/>Com servi\u00e7os de fotografia profissional, mostramos a sua propriedade com a melhor luz para cativar potenciais h\u00f3spedes.<\/p><\/li><li><p><strong>Pre\u00e7os din\u00e2micos<\/strong><br \/>Utilizamos estrat\u00e9gias baseadas em dados para otimizar os pre\u00e7os, aumentando a receita e mantendo fortes taxas de reserva.<\/p><\/li><li><p><strong>Check-in e check-out de h\u00f3spedes<\/strong><br \/>Desde o acolhimento dos h\u00f3spedes at\u00e9 \u00e0 garantia de partidas tranquilas, tratamos de todos os aspectos do processo, proporcionando tranquilidade aos propriet\u00e1rios e aos h\u00f3spedes.<\/p><\/li><li><p><strong>Apoio ao cliente 24\/7<\/strong><br \/>O nosso apoio permanente garante que as d\u00favidas e preocupa\u00e7\u00f5es dos h\u00f3spedes s\u00e3o tratadas prontamente, contribuindo para a obten\u00e7\u00e3o de cr\u00edticas positivas e reservas repetidas.<\/p><\/li><\/ul><h4>Porqu\u00ea escolher-nos?<\/h4><p>Na Elite Hosts, a nossa miss\u00e3o \u00e9 ajudar os propriet\u00e1rios de im\u00f3veis a libertarem todo o potencial dos seus investimentos em aluguer de curta dura\u00e7\u00e3o. Ao gerir todos os detalhes, permitimos-lhe desfrutar dos benef\u00edcios do alojamento sem os desafios associados. Quer seja novo no alojamento ou um propriet\u00e1rio experiente, estamos aqui para tornar o processo f\u00e1cil e gratificante.<\/p><p><strong>Anfitri\u00f5es QMS<\/strong> funciona de forma independente e n\u00e3o \u00e9 afiliado nem apoiado pela Airbnb ou por qualquer outra plataforma de reservas. <strong>Anfitri\u00f5es QMS<\/strong> \u00e9 uma designa\u00e7\u00e3o comercial da QMS Lda NIPC 517989425 AMI 25613.<\/p>\t\t\t\t\t\t\t\t<\/div>\n\t\t\t\t<\/div>\n\t\t\t\t\t<\/div>\n\t\t\t\t<\/div>\n\t\t\t\t<\/div>","protected":false},"excerpt":{"rendered":"<p>Welcome to QMS Hosts, a professional property management company specialising in short-term rental services. We are dedicated to delivering seamless experiences for property owners, ensuring their homes are well-maintained, beautifully presented, and consistently generating income. Our Services At QMS Hosts, we offer a range of bespoke services tailored to meet the [&hellip;]<\/p>","protected":false},"author":1,"featured_media":0,"parent":0,"menu_order":0,"comment_status":"closed","ping_status":"closed","template":"elementor_header_footer","meta":{"footnotes":""},"class_list":["post-1163","page","type-page","status-publish","hentry"],"yoast_head":"<!-- This site is optimized with the Yoast SEO Premium plugin v26.6 (Yoast SEO v26.6) - https:\/\/yoast.com\/wordpress\/plugins\/seo\/ -->\n<title>About Us - Holiday Let Management Service<\/title>\n<meta name=\"description\" content=\"Discover QMS Hosts, a professional property management company specialising in short-term rental services. We offer comprehensive.\" \/>\n<meta name=\"robots\" content=\"index, follow, max-snippet:-1, max-image-preview:large, max-video-preview:-1\" \/>\n<link rel=\"canonical\" href=\"https:\/\/qmshosts.pt\/pt\/sobre-nos\/\" \/>\n<meta property=\"og:locale\" content=\"pt_PT\" \/>\n<meta property=\"og:type\" content=\"article\" \/>\n<meta property=\"og:title\" content=\"About Us\" \/>\n<meta property=\"og:description\" content=\"Discover QMS Hosts, a professional property management company specialising in short-term rental services. We offer comprehensive.\" \/>\n<meta property=\"og:url\" content=\"https:\/\/qmshosts.pt\/pt\/sobre-nos\/\" \/>\n<meta property=\"og:site_name\" content=\"Holiday Let Management Service\" \/>\n<meta property=\"article:modified_time\" content=\"2025-11-07T14:17:04+00:00\" \/>\n<meta name=\"twitter:card\" content=\"summary_large_image\" \/>\n<meta name=\"twitter:label1\" content=\"Tempo estimado de leitura\" \/>\n\t<meta name=\"twitter:data1\" content=\"2 minutos\" \/>\n<meta name=\"geo.placename\" content=\"Faro\" \/>\n<meta name=\"geo.region\" content=\"Portugal\" \/>\n<!-- \/ Yoast SEO Premium plugin. -->","yoast_head_json":{"title":"Sobre n\u00f3s - Servi\u00e7o de gest\u00e3o de alugueres para f\u00e9rias","description":"Descubra a QMS Hosts, uma empresa profissional de gest\u00e3o de propriedades especializada em servi\u00e7os de aluguer de curta dura\u00e7\u00e3o. Oferecemos um servi\u00e7o completo.","robots":{"index":"index","follow":"follow","max-snippet":"max-snippet:-1","max-image-preview":"max-image-preview:large","max-video-preview":"max-video-preview:-1"},"canonical":"https:\/\/qmshosts.pt\/pt\/sobre-nos\/","og_locale":"pt_PT","og_type":"article","og_title":"About Us","og_description":"Discover QMS Hosts, a professional property management company specialising in short-term rental services. We offer comprehensive.","og_url":"https:\/\/qmshosts.pt\/pt\/sobre-nos\/","og_site_name":"Holiday Let Management Service","article_modified_time":"2025-11-07T14:17:04+00:00","twitter_card":"summary_large_image","twitter_misc":{"Tempo estimado de leitura":"2 minutos"},"schema":{"@context":"https:\/\/schema.org","@graph":[{"@type":"WebPage","@id":"https:\/\/qmshosts.pt\/about-us\/","url":"https:\/\/qmshosts.pt\/about-us\/","name":"Sobre n\u00f3s - Servi\u00e7o de gest\u00e3o de alugueres para f\u00e9rias","isPartOf":{"@id":"https:\/\/qmshosts.pt\/#website"},"datePublished":"2020-11-07T09:28:26+00:00","dateModified":"2025-11-07T14:17:04+00:00","description":"Descubra a QMS Hosts, uma empresa profissional de gest\u00e3o de propriedades especializada em servi\u00e7os de aluguer de curta dura\u00e7\u00e3o. Oferecemos um servi\u00e7o completo.","breadcrumb":{"@id":"https:\/\/qmshosts.pt\/about-us\/#breadcrumb"},"inLanguage":"pt-PT","potentialAction":[{"@type":"ReadAction","target":["https:\/\/qmshosts.pt\/about-us\/"]}]},{"@type":"BreadcrumbList","@id":"https:\/\/qmshosts.pt\/about-us\/#breadcrumb","itemListElement":[{"@type":"ListItem","position":1,"name":"Home","item":"https:\/\/qmshosts.pt\/"},{"@type":"ListItem","position":2,"name":"About Us"}]},{"@type":"WebSite","@id":"https:\/\/qmshosts.pt\/#website","url":"https:\/\/qmshosts.pt\/","name":"Servi\u00e7o de gest\u00e3o de alugueres para f\u00e9rias","description":"Especializado em an\u00fancios Airbnb","publisher":{"@id":"https:\/\/qmshosts.pt\/#organization"},"potentialAction":[{"@type":"SearchAction","target":{"@type":"EntryPoint","urlTemplate":"https:\/\/qmshosts.pt\/?s={search_term_string}"},"query-input":{"@type":"PropertyValueSpecification","valueRequired":true,"valueName":"search_term_string"}}],"inLanguage":"pt-PT"},{"@type":["Organization","Place"],"@id":"https:\/\/qmshosts.pt\/#organization","name":"Servi\u00e7o de gest\u00e3o de alugueres para f\u00e9rias","url":"https:\/\/qmshosts.pt\/","logo":{"@id":"https:\/\/qmshosts.pt\/about-us\/#local-main-organization-logo"},"image":{"@id":"https:\/\/qmshosts.pt\/about-us\/#local-main-organization-logo"},"address":{"@id":"https:\/\/qmshosts.pt\/about-us\/#local-main-place-address"},"telephone":["+351 308 802 269"],"openingHoursSpecification":{"@type":"OpeningHoursSpecification","dayOfWeek":["Monday","Tuesday","Wednesday","Thursday","Friday","Saturday","Sunday"],"opens":"00:00","closes":"23:59"},"email":"info@qms.pt","areaServed":"Quarteira","taxID":"NIPC 517989425"},{"@type":"PostalAddress","@id":"https:\/\/qmshosts.pt\/about-us\/#local-main-place-address","streetAddress":"Rua do Almargem 1, Fonte Santa, Quarteira","addressLocality":"Faro","postalCode":"8125-020","addressCountry":"PT"},{"@type":"ImageObject","inLanguage":"pt-PT","@id":"https:\/\/qmshosts.pt\/about-us\/#local-main-organization-logo","url":"","contentUrl":"","caption":"Holiday Let Management Service"}]},"geo.placename":"Faro","geo.region":"Portugal"},"_links":{"self":[{"href":"https:\/\/qmshosts.pt\/pt\/wp-json\/wp\/v2\/pages\/1163","targetHints":{"allow":["GET"]}}],"collection":[{"href":"https:\/\/qmshosts.pt\/pt\/wp-json\/wp\/v2\/pages"}],"about":[{"href":"https:\/\/qmshosts.pt\/pt\/wp-json\/wp\/v2\/types\/page"}],"author":[{"embeddable":true,"href":"https:\/\/qmshosts.pt\/pt\/wp-json\/wp\/v2\/users\/1"}],"replies":[{"embeddable":true,"href":"https:\/\/qmshosts.pt\/pt\/wp-json\/wp\/v2\/comments?post=1163"}],"version-history":[{"count":6,"href":"https:\/\/qmshosts.pt\/pt\/wp-json\/wp\/v2\/pages\/1163\/revisions"}],"predecessor-version":[{"id":3022,"href":"https:\/\/qmshosts.pt\/pt\/wp-json\/wp\/v2\/pages\/1163\/revisions\/3022"}],"wp:attachment":[{"href":"https:\/\/qmshosts.pt\/pt\/wp-json\/wp\/v2\/media?parent=1163"}],"curies":[{"name":"wp","href":"https:\/\/api.w.org\/{rel}","templated":true}]}}