{"id":2078,"date":"2025-01-18T14:25:50","date_gmt":"2025-01-18T14:25:50","guid":{"rendered":"https:\/\/qmshosts.pt\/?page_id=2078"},"modified":"2025-11-04T12:22:29","modified_gmt":"2025-11-04T12:22:29","slug":"servicos-de-fotografia-para-alugueres-de-ferias","status":"publish","type":"page","link":"https:\/\/qmshosts.pt\/pt\/servicos-de-fotografia-para-alugueres-de-ferias\/","title":{"rendered":"Servi\u00e7os de fotografia"},"content":{"rendered":"<div data-elementor-type=\"wp-page\" data-elementor-id=\"2078\" class=\"elementor elementor-2078\">\n\t\t\t\t\t\t<section class=\"elementor-section elementor-top-section elementor-element elementor-element-7111f67f elementor-section-boxed elementor-section-height-default elementor-section-height-default\" data-id=\"7111f67f\" data-element_type=\"section\">\n\t\t\t\t\t\t<div class=\"elementor-container elementor-column-gap-default\">\n\t\t\t\t\t<div class=\"elementor-column elementor-col-100 elementor-top-column elementor-element elementor-element-532fc1af\" data-id=\"532fc1af\" data-element_type=\"column\">\n\t\t\t<div class=\"elementor-widget-wrap elementor-element-populated\">\n\t\t\t\t\t\t<section class=\"elementor-section elementor-inner-section elementor-element elementor-element-1a4a255c elementor-section-boxed elementor-section-height-default elementor-section-height-default\" data-id=\"1a4a255c\" data-element_type=\"section\">\n\t\t\t\t\t\t<div class=\"elementor-container elementor-column-gap-default\">\n\t\t\t\t\t<div class=\"elementor-column elementor-col-100 elementor-inner-column elementor-element elementor-element-7d25e2c8\" data-id=\"7d25e2c8\" data-element_type=\"column\">\n\t\t\t<div class=\"elementor-widget-wrap elementor-element-populated\">\n\t\t\t\t\t\t<div class=\"elementor-element elementor-element-4fe67cb0 elementor-widget elementor-widget-heading\" data-id=\"4fe67cb0\" data-element_type=\"widget\" data-widget_type=\"heading.default\">\n\t\t\t\t<div class=\"elementor-widget-container\">\n\t\t\t\t\t<h2 class=\"elementor-heading-title elementor-size-default\">Servi\u00e7os de fotografia para alugueres de f\u00e9rias<\/h2>\t\t\t\t<\/div>\n\t\t\t\t<\/div>\n\t\t\t\t<div class=\"elementor-element elementor-element-5adf2f76 elementor-widget-divider--view-line elementor-widget elementor-widget-divider\" data-id=\"5adf2f76\" data-element_type=\"widget\" data-widget_type=\"divider.default\">\n\t\t\t\t<div class=\"elementor-widget-container\">\n\t\t\t\t\t\t\t<div class=\"elementor-divider\">\n\t\t\t<span class=\"elementor-divider-separator\">\n\t\t\t\t\t\t<\/span>\n\t\t<\/div>\n\t\t\t\t\t\t<\/div>\n\t\t\t\t<\/div>\n\t\t\t\t\t<\/div>\n\t\t<\/div>\n\t\t\t\t\t<\/div>\n\t\t<\/section>\n\t\t\t\t\t<\/div>\n\t\t<\/div>\n\t\t\t\t\t<\/div>\n\t\t<\/section>\n\t\t<div class=\"elementor-element elementor-element-eb09fda e-flex e-con-boxed e-con e-parent\" data-id=\"eb09fda\" data-element_type=\"container\">\n\t\t\t\t\t<div class=\"e-con-inner\">\n\t\t\t\t<div class=\"elementor-element elementor-element-cfd61e5 elementor-widget elementor-widget-text-editor\" data-id=\"cfd61e5\" data-element_type=\"widget\" data-widget_type=\"text-editor.default\">\n\t\t\t\t<div class=\"elementor-widget-container\">\n\t\t\t\t\t\t\t\t\t<h3><strong>O que oferecemos<\/strong><\/h3><p>Oferecemos servi\u00e7os de fotografia profissional para mostrar a sua propriedade de aluguer de f\u00e9rias da melhor forma. Imagens de alta qualidade s\u00e3o essenciais para atrair potenciais h\u00f3spedes e garantir que a sua propriedade se destaca num mercado competitivo.<\/p><h3><strong>Os nossos servi\u00e7os de fotografia incluem:<\/strong><\/h3><ul><li><strong>Fotografia de im\u00f3veis<\/strong>: Captamos a ess\u00eancia do seu aluguer de f\u00e9rias com imagens impressionantes de alta resolu\u00e7\u00e3o que real\u00e7am as melhores carater\u00edsticas da sua propriedade.<\/li><li><strong>Fotografias interiores e exteriores<\/strong>: Adoptamos uma abordagem abrangente, fotografando tanto o interior como o exterior da sua propriedade, assegurando que nenhum pormenor \u00e9 esquecido.<\/li><li><strong>Fotografia a\u00e9rea<\/strong>: Mostre a sua propriedade a partir de \u00e2ngulos \u00fanicos com imagens a\u00e9reas, perfeitas para destacar grandes propriedades ou locais c\u00e9nicos.<\/li><\/ul><h3><strong>Porqu\u00ea escolher os nossos servi\u00e7os de fotografia?<\/strong><\/h3><ul><li><strong>Qualidade profissional<\/strong>: Os nossos fot\u00f3grafos s\u00e3o profissionais experientes, capazes de captar a imagem perfeita para dar o melhor aspeto \u00e0 sua propriedade.<\/li><li><strong>Aten\u00e7\u00e3o ao pormenor<\/strong>: Prestamos aten\u00e7\u00e3o a todos os pormenores, assegurando que a sua propriedade \u00e9 apresentada da forma mais lisonjeira e convidativa poss\u00edvel.<\/li><li><strong>R\u00e1pida rota\u00e7\u00e3o<\/strong>: Compreendemos a import\u00e2ncia de ter o seu im\u00f3vel listado rapidamente, e oferecemos uma resposta r\u00e1pida em todas as sess\u00f5es fotogr\u00e1ficas.<\/li><\/ul><h3><strong>Contacte-nos para marcar a sua sess\u00e3o fotogr\u00e1fica!<\/strong><\/h3><p>Quer precise de fotografias novas para um novo an\u00fancio ou queira atualizar o seu portf\u00f3lio existente, os nossos servi\u00e7os de fotografia ajud\u00e1-lo-\u00e3o a causar uma impress\u00e3o duradoura nos potenciais clientes. <a href=\"https:\/\/qmshosts.pt\/pt\/contacto\/\">Entre em contacto hoje<\/a> para marcar uma sess\u00e3o!<\/p>\t\t\t\t\t\t\t\t<\/div>\n\t\t\t\t<\/div>\n\t\t\t\t\t<\/div>\n\t\t\t\t<\/div>\n\t\t\t\t<\/div>","protected":false},"excerpt":{"rendered":"<p>Photography Services for Holiday Rentals What We Offer We offer professional photography services to showcase your holiday rental property in the best light. High-quality images are essential for attracting potential guests and ensuring your property stands out in a competitive market. Our Photography Services Include: Property Photography: We capture the essence [&hellip;]<\/p>","protected":false},"author":1,"featured_media":0,"parent":0,"menu_order":0,"comment_status":"closed","ping_status":"closed","template":"elementor_header_footer","meta":{"footnotes":""},"class_list":["post-2078","page","type-page","status-publish","hentry"],"yoast_head":"<!-- This site is optimized with the Yoast SEO Premium plugin v26.6 (Yoast SEO v26.6) - https:\/\/yoast.com\/wordpress\/plugins\/seo\/ -->\n<title>Photography Services - Holiday Let Management Service<\/title>\n<meta name=\"description\" content=\"Photography Services for Holiday Rentals - Showcase your property with QMS Hosts&#039; professional photography services.\" \/>\n<meta name=\"robots\" content=\"index, follow, max-snippet:-1, max-image-preview:large, max-video-preview:-1\" \/>\n<link rel=\"canonical\" href=\"https:\/\/qmshosts.pt\/pt\/servicos-de-fotografia-para-alugueres-de-ferias\/\" \/>\n<meta property=\"og:locale\" content=\"pt_PT\" \/>\n<meta property=\"og:type\" content=\"article\" \/>\n<meta property=\"og:title\" content=\"Photography Services\" \/>\n<meta property=\"og:description\" content=\"Photography Services for Holiday Rentals - Showcase your property with QMS Hosts&#039; professional photography services.\" \/>\n<meta property=\"og:url\" content=\"https:\/\/qmshosts.pt\/pt\/servicos-de-fotografia-para-alugueres-de-ferias\/\" \/>\n<meta property=\"og:site_name\" content=\"Holiday Let Management Service\" \/>\n<meta property=\"article:modified_time\" content=\"2025-11-04T12:22:29+00:00\" \/>\n<meta name=\"twitter:card\" content=\"summary_large_image\" \/>\n<meta name=\"twitter:label1\" content=\"Tempo estimado de leitura\" \/>\n\t<meta name=\"twitter:data1\" content=\"1 minuto\" \/>\n<meta name=\"geo.placename\" content=\"Faro\" \/>\n<meta name=\"geo.region\" content=\"Portugal\" \/>\n<!-- \/ Yoast SEO Premium plugin. -->","yoast_head_json":{"title":"Servi\u00e7os de fotografia - Servi\u00e7o de gest\u00e3o de alugueres para f\u00e9rias","description":"Servi\u00e7os de fotografia para alugueres de f\u00e9rias - Mostre a sua propriedade com os servi\u00e7os de fotografia profissional da QMS Hosts.","robots":{"index":"index","follow":"follow","max-snippet":"max-snippet:-1","max-image-preview":"max-image-preview:large","max-video-preview":"max-video-preview:-1"},"canonical":"https:\/\/qmshosts.pt\/pt\/servicos-de-fotografia-para-alugueres-de-ferias\/","og_locale":"pt_PT","og_type":"article","og_title":"Photography Services","og_description":"Photography Services for Holiday Rentals - Showcase your property with QMS Hosts' professional photography services.","og_url":"https:\/\/qmshosts.pt\/pt\/servicos-de-fotografia-para-alugueres-de-ferias\/","og_site_name":"Holiday Let Management Service","article_modified_time":"2025-11-04T12:22:29+00:00","twitter_card":"summary_large_image","twitter_misc":{"Tempo estimado de leitura":"1 minuto"},"schema":{"@context":"https:\/\/schema.org","@graph":[{"@type":"WebPage","@id":"https:\/\/qmshosts.pt\/photography-services-for-holiday-rentals\/","url":"https:\/\/qmshosts.pt\/photography-services-for-holiday-rentals\/","name":"Servi\u00e7os de fotografia - Servi\u00e7o de gest\u00e3o de alugueres para f\u00e9rias","isPartOf":{"@id":"https:\/\/qmshosts.pt\/#website"},"datePublished":"2025-01-18T14:25:50+00:00","dateModified":"2025-11-04T12:22:29+00:00","description":"Servi\u00e7os de fotografia para alugueres de f\u00e9rias - Mostre a sua propriedade com os servi\u00e7os de fotografia profissional da QMS Hosts.","breadcrumb":{"@id":"https:\/\/qmshosts.pt\/photography-services-for-holiday-rentals\/#breadcrumb"},"inLanguage":"pt-PT","potentialAction":[{"@type":"ReadAction","target":["https:\/\/qmshosts.pt\/photography-services-for-holiday-rentals\/"]}]},{"@type":"BreadcrumbList","@id":"https:\/\/qmshosts.pt\/photography-services-for-holiday-rentals\/#breadcrumb","itemListElement":[{"@type":"ListItem","position":1,"name":"Home","item":"https:\/\/qmshosts.pt\/"},{"@type":"ListItem","position":2,"name":"Photography Services"}]},{"@type":"WebSite","@id":"https:\/\/qmshosts.pt\/#website","url":"https:\/\/qmshosts.pt\/","name":"Servi\u00e7o de gest\u00e3o de alugueres para f\u00e9rias","description":"Especializado em an\u00fancios Airbnb","publisher":{"@id":"https:\/\/qmshosts.pt\/#organization"},"potentialAction":[{"@type":"SearchAction","target":{"@type":"EntryPoint","urlTemplate":"https:\/\/qmshosts.pt\/?s={search_term_string}"},"query-input":{"@type":"PropertyValueSpecification","valueRequired":true,"valueName":"search_term_string"}}],"inLanguage":"pt-PT"},{"@type":["Organization","Place"],"@id":"https:\/\/qmshosts.pt\/#organization","name":"Servi\u00e7o de gest\u00e3o de alugueres para f\u00e9rias","url":"https:\/\/qmshosts.pt\/","logo":{"@id":"https:\/\/qmshosts.pt\/photography-services-for-holiday-rentals\/#local-main-organization-logo"},"image":{"@id":"https:\/\/qmshosts.pt\/photography-services-for-holiday-rentals\/#local-main-organization-logo"},"address":{"@id":"https:\/\/qmshosts.pt\/photography-services-for-holiday-rentals\/#local-main-place-address"},"telephone":["+351 308 802 269"],"openingHoursSpecification":{"@type":"OpeningHoursSpecification","dayOfWeek":["Monday","Tuesday","Wednesday","Thursday","Friday","Saturday","Sunday"],"opens":"00:00","closes":"23:59"},"email":"info@qms.pt","areaServed":"Quarteira","taxID":"NIPC 517989425"},{"@type":"PostalAddress","@id":"https:\/\/qmshosts.pt\/photography-services-for-holiday-rentals\/#local-main-place-address","streetAddress":"Rua do Almargem 1, Fonte Santa, Quarteira","addressLocality":"Faro","postalCode":"8125-020","addressCountry":"PT"},{"@type":"ImageObject","inLanguage":"pt-PT","@id":"https:\/\/qmshosts.pt\/photography-services-for-holiday-rentals\/#local-main-organization-logo","url":"","contentUrl":"","caption":"Holiday Let Management Service"}]},"geo.placename":"Faro","geo.region":"Portugal"},"_links":{"self":[{"href":"https:\/\/qmshosts.pt\/pt\/wp-json\/wp\/v2\/pages\/2078","targetHints":{"allow":["GET"]}}],"collection":[{"href":"https:\/\/qmshosts.pt\/pt\/wp-json\/wp\/v2\/pages"}],"about":[{"href":"https:\/\/qmshosts.pt\/pt\/wp-json\/wp\/v2\/types\/page"}],"author":[{"embeddable":true,"href":"https:\/\/qmshosts.pt\/pt\/wp-json\/wp\/v2\/users\/1"}],"replies":[{"embeddable":true,"href":"https:\/\/qmshosts.pt\/pt\/wp-json\/wp\/v2\/comments?post=2078"}],"version-history":[{"count":0,"href":"https:\/\/qmshosts.pt\/pt\/wp-json\/wp\/v2\/pages\/2078\/revisions"}],"wp:attachment":[{"href":"https:\/\/qmshosts.pt\/pt\/wp-json\/wp\/v2\/media?parent=2078"}],"curies":[{"name":"wp","href":"https:\/\/api.w.org\/{rel}","templated":true}]}}