{"id":2091,"date":"2025-01-18T14:36:04","date_gmt":"2025-01-18T14:36:04","guid":{"rendered":"https:\/\/qmshosts.pt\/?page_id=2091"},"modified":"2025-01-27T11:44:43","modified_gmt":"2025-01-27T11:44:43","slug":"otimizacao-de-precos-para-alugueres-de-ferias","status":"publish","type":"page","link":"https:\/\/qmshosts.pt\/pt\/otimizacao-de-precos-para-alugueres-de-ferias\/","title":{"rendered":"Otimiza\u00e7\u00e3o de pre\u00e7os"},"content":{"rendered":"<div data-elementor-type=\"wp-page\" data-elementor-id=\"2091\" class=\"elementor elementor-2091\">\n\t\t\t\t\t\t<section class=\"elementor-section elementor-top-section elementor-element elementor-element-7111f67f elementor-section-boxed elementor-section-height-default elementor-section-height-default\" data-id=\"7111f67f\" data-element_type=\"section\">\n\t\t\t\t\t\t<div class=\"elementor-container elementor-column-gap-default\">\n\t\t\t\t\t<div class=\"elementor-column elementor-col-100 elementor-top-column elementor-element elementor-element-532fc1af\" data-id=\"532fc1af\" data-element_type=\"column\">\n\t\t\t<div class=\"elementor-widget-wrap elementor-element-populated\">\n\t\t\t\t\t\t<section class=\"elementor-section elementor-inner-section elementor-element elementor-element-1a4a255c elementor-section-boxed elementor-section-height-default elementor-section-height-default\" data-id=\"1a4a255c\" data-element_type=\"section\">\n\t\t\t\t\t\t<div class=\"elementor-container elementor-column-gap-default\">\n\t\t\t\t\t<div class=\"elementor-column elementor-col-100 elementor-inner-column elementor-element elementor-element-7d25e2c8\" data-id=\"7d25e2c8\" data-element_type=\"column\">\n\t\t\t<div class=\"elementor-widget-wrap elementor-element-populated\">\n\t\t\t\t\t\t<div class=\"elementor-element elementor-element-4fe67cb0 elementor-widget elementor-widget-heading\" data-id=\"4fe67cb0\" data-element_type=\"widget\" data-widget_type=\"heading.default\">\n\t\t\t\t<div class=\"elementor-widget-container\">\n\t\t\t\t\t<h2 class=\"elementor-heading-title elementor-size-default\">Otimiza\u00e7\u00e3o de pre\u00e7os para alugueres de f\u00e9rias<\/h2>\t\t\t\t<\/div>\n\t\t\t\t<\/div>\n\t\t\t\t<div class=\"elementor-element elementor-element-5adf2f76 elementor-widget-divider--view-line elementor-widget elementor-widget-divider\" data-id=\"5adf2f76\" data-element_type=\"widget\" data-widget_type=\"divider.default\">\n\t\t\t\t<div class=\"elementor-widget-container\">\n\t\t\t\t\t\t\t<div class=\"elementor-divider\">\n\t\t\t<span class=\"elementor-divider-separator\">\n\t\t\t\t\t\t<\/span>\n\t\t<\/div>\n\t\t\t\t\t\t<\/div>\n\t\t\t\t<\/div>\n\t\t\t\t\t<\/div>\n\t\t<\/div>\n\t\t\t\t\t<\/div>\n\t\t<\/section>\n\t\t\t\t\t<\/div>\n\t\t<\/div>\n\t\t\t\t\t<\/div>\n\t\t<\/section>\n\t\t<div class=\"elementor-element elementor-element-eb09fda e-flex e-con-boxed e-con e-parent\" data-id=\"eb09fda\" data-element_type=\"container\">\n\t\t\t\t\t<div class=\"e-con-inner\">\n\t\t\t\t<div class=\"elementor-element elementor-element-cfd61e5 elementor-widget elementor-widget-text-editor\" data-id=\"cfd61e5\" data-element_type=\"widget\" data-widget_type=\"text-editor.default\">\n\t\t\t\t<div class=\"elementor-widget-container\">\n\t\t\t\t\t\t\t\t\t<h3><strong>O que oferecemos<\/strong><\/h3><p>Prestamos servi\u00e7os especializados de otimiza\u00e7\u00e3o de pre\u00e7os para o ajudar a maximizar as receitas da sua propriedade de aluguer para f\u00e9rias. Utilizando estrat\u00e9gias baseadas em dados e conhecimentos de mercado, garantimos que a sua propriedade tem um pre\u00e7o competitivo e que, ao mesmo tempo, obt\u00e9m um retorno \u00f3timo.<\/p><h3><strong>Os nossos servi\u00e7os de otimiza\u00e7\u00e3o de pre\u00e7os incluem<\/strong><\/h3><ul><li><strong>Estrat\u00e9gia din\u00e2mica de pre\u00e7os<\/strong>: Utilizamos algoritmos avan\u00e7ados para ajustar os seus pre\u00e7os com base na procura, sazonalidade e tend\u00eancias de mercado, garantindo que obt\u00e9m sempre a melhor tarifa para a sua propriedade.<\/li><li><strong>An\u00e1lise do mercado<\/strong>: Realizamos uma pesquisa de mercado completa para avaliar os pre\u00e7os da concorr\u00eancia, as tend\u00eancias locais e os padr\u00f5es de reserva, o que nos permite posicionar a sua propriedade de forma eficaz.<\/li><li><strong>Planos de pre\u00e7os personalizados<\/strong>: Adaptado aos seus objectivos espec\u00edficos, quer se trate de maximizar a ocupa\u00e7\u00e3o, de aumentar as reservas fora de \u00e9poca ou de aumentar as suas receitas globais.<\/li><li><strong>Gest\u00e3o de descontos e promo\u00e7\u00f5es<\/strong>: Ajudamo-lo a gerir descontos sazonais, ofertas especiais e promo\u00e7\u00f5es, assegurando que a sua estrat\u00e9gia de pre\u00e7os est\u00e1 alinhada com os seus objectivos comerciais.<\/li><\/ul><h3><strong>Porqu\u00ea escolher os nossos servi\u00e7os de otimiza\u00e7\u00e3o de pre\u00e7os?<\/strong><\/h3><ul><li><strong>Decis\u00f5es baseadas em dados<\/strong>: As nossas decis\u00f5es de pre\u00e7os s\u00e3o apoiadas por dados e tend\u00eancias de mercado em tempo real, garantindo que a sua propriedade se mant\u00e9m competitiva e rent\u00e1vel.<\/li><li><strong>Maximizar os ganhos<\/strong>: Ao otimizar as suas tarifas, ajudamo-lo a obter o maior rendimento poss\u00edvel sem comprometer as reservas.<\/li><li><strong>Profissionais experientes<\/strong>: A nossa equipa tem um vasto conhecimento do mercado de arrendamento para f\u00e9rias, fornecendo-lhe conhecimentos especializados para impulsionar o seu sucesso.<\/li><\/ul><h3><strong>Contacte-nos para otimizar os seus pre\u00e7os!<\/strong><\/h3><p>Deixe-nos ajud\u00e1-lo a tirar o m\u00e1ximo partido da sua propriedade de aluguer para f\u00e9rias. Quer pretenda aumentar as reservas, maximizar as suas receitas ou encontrar o equil\u00edbrio perfeito de pre\u00e7os, os nossos servi\u00e7os de otimiza\u00e7\u00e3o de pre\u00e7os dar-lhe-\u00e3o uma vantagem competitiva. Contacte-nos hoje para come\u00e7ar!<\/p>\t\t\t\t\t\t\t\t<\/div>\n\t\t\t\t<\/div>\n\t\t\t\t\t<\/div>\n\t\t\t\t<\/div>\n\t\t\t\t<\/div>","protected":false},"excerpt":{"rendered":"<p>Price Optimisation for Holiday Rentals What We Offer We provide expert price optimisation services to help you maximise revenue from your holiday rental property. By using data-driven strategies and market insights, we ensure that your property is priced competitively while still achieving optimal returns. Our Price Optimisation Services Include: Dynamic Pricing [&hellip;]<\/p>","protected":false},"author":1,"featured_media":0,"parent":0,"menu_order":0,"comment_status":"closed","ping_status":"closed","template":"elementor_header_footer","meta":{"footnotes":""},"class_list":["post-2091","page","type-page","status-publish","hentry"],"yoast_head":"<!-- This site is optimized with the Yoast SEO Premium plugin v26.6 (Yoast SEO v26.6) - https:\/\/yoast.com\/wordpress\/plugins\/seo\/ -->\n<title>Price Optimisation - Holiday Let Management Service<\/title>\n<meta name=\"description\" content=\"Maximise your income with Elite Hosts&#039; Price Optimisation for Holiday Rentals. Our dynamic pricing strategies ensure your property achieves..\" \/>\n<meta name=\"robots\" content=\"index, follow, max-snippet:-1, max-image-preview:large, max-video-preview:-1\" \/>\n<link rel=\"canonical\" href=\"https:\/\/qmshosts.pt\/pt\/otimizacao-de-precos-para-alugueres-de-ferias\/\" \/>\n<meta property=\"og:locale\" content=\"pt_PT\" \/>\n<meta property=\"og:type\" content=\"article\" \/>\n<meta property=\"og:title\" content=\"Price Optimisation\" \/>\n<meta property=\"og:description\" content=\"Maximise your income with Elite Hosts&#039; Price Optimisation for Holiday Rentals. Our dynamic pricing strategies ensure your property achieves..\" \/>\n<meta property=\"og:url\" content=\"https:\/\/qmshosts.pt\/pt\/otimizacao-de-precos-para-alugueres-de-ferias\/\" \/>\n<meta property=\"og:site_name\" content=\"Holiday Let Management Service\" \/>\n<meta property=\"article:modified_time\" content=\"2025-01-27T11:44:43+00:00\" \/>\n<meta name=\"twitter:card\" content=\"summary_large_image\" \/>\n<meta name=\"twitter:label1\" content=\"Tempo estimado de leitura\" \/>\n\t<meta name=\"twitter:data1\" content=\"2 minutos\" \/>\n<meta name=\"geo.placename\" content=\"Faro\" \/>\n<meta name=\"geo.region\" content=\"Portugal\" \/>\n<!-- \/ Yoast SEO Premium plugin. -->","yoast_head_json":{"title":"Otimiza\u00e7\u00e3o de pre\u00e7os - Servi\u00e7o de gest\u00e3o de alugueres para f\u00e9rias","description":"Maximize o seu rendimento com a Otimiza\u00e7\u00e3o de Pre\u00e7os para Alugueres de F\u00e9rias da Elite Hosts. As nossas estrat\u00e9gias de pre\u00e7os din\u00e2micos garantem que a sua propriedade atinja...","robots":{"index":"index","follow":"follow","max-snippet":"max-snippet:-1","max-image-preview":"max-image-preview:large","max-video-preview":"max-video-preview:-1"},"canonical":"https:\/\/qmshosts.pt\/pt\/otimizacao-de-precos-para-alugueres-de-ferias\/","og_locale":"pt_PT","og_type":"article","og_title":"Price Optimisation","og_description":"Maximise your income with Elite Hosts' Price Optimisation for Holiday Rentals. Our dynamic pricing strategies ensure your property achieves..","og_url":"https:\/\/qmshosts.pt\/pt\/otimizacao-de-precos-para-alugueres-de-ferias\/","og_site_name":"Holiday Let Management Service","article_modified_time":"2025-01-27T11:44:43+00:00","twitter_card":"summary_large_image","twitter_misc":{"Tempo estimado de leitura":"2 minutos"},"schema":{"@context":"https:\/\/schema.org","@graph":[{"@type":"WebPage","@id":"https:\/\/qmshosts.pt\/price-optimisation-for-holiday-rentals\/","url":"https:\/\/qmshosts.pt\/price-optimisation-for-holiday-rentals\/","name":"Otimiza\u00e7\u00e3o de pre\u00e7os - Servi\u00e7o de gest\u00e3o de alugueres para f\u00e9rias","isPartOf":{"@id":"https:\/\/qmshosts.pt\/#website"},"datePublished":"2025-01-18T14:36:04+00:00","dateModified":"2025-01-27T11:44:43+00:00","description":"Maximize o seu rendimento com a Otimiza\u00e7\u00e3o de Pre\u00e7os para Alugueres de F\u00e9rias da Elite Hosts. As nossas estrat\u00e9gias de pre\u00e7os din\u00e2micos garantem que a sua propriedade atinja...","breadcrumb":{"@id":"https:\/\/qmshosts.pt\/price-optimisation-for-holiday-rentals\/#breadcrumb"},"inLanguage":"pt-PT","potentialAction":[{"@type":"ReadAction","target":["https:\/\/qmshosts.pt\/price-optimisation-for-holiday-rentals\/"]}]},{"@type":"BreadcrumbList","@id":"https:\/\/qmshosts.pt\/price-optimisation-for-holiday-rentals\/#breadcrumb","itemListElement":[{"@type":"ListItem","position":1,"name":"Home","item":"https:\/\/qmshosts.pt\/"},{"@type":"ListItem","position":2,"name":"Price Optimisation"}]},{"@type":"WebSite","@id":"https:\/\/qmshosts.pt\/#website","url":"https:\/\/qmshosts.pt\/","name":"Servi\u00e7o de gest\u00e3o de alugueres para f\u00e9rias","description":"Especializado em an\u00fancios Airbnb","publisher":{"@id":"https:\/\/qmshosts.pt\/#organization"},"potentialAction":[{"@type":"SearchAction","target":{"@type":"EntryPoint","urlTemplate":"https:\/\/qmshosts.pt\/?s={search_term_string}"},"query-input":{"@type":"PropertyValueSpecification","valueRequired":true,"valueName":"search_term_string"}}],"inLanguage":"pt-PT"},{"@type":["Organization","Place"],"@id":"https:\/\/qmshosts.pt\/#organization","name":"Servi\u00e7o de gest\u00e3o de alugueres para f\u00e9rias","url":"https:\/\/qmshosts.pt\/","logo":{"@id":"https:\/\/qmshosts.pt\/price-optimisation-for-holiday-rentals\/#local-main-organization-logo"},"image":{"@id":"https:\/\/qmshosts.pt\/price-optimisation-for-holiday-rentals\/#local-main-organization-logo"},"address":{"@id":"https:\/\/qmshosts.pt\/price-optimisation-for-holiday-rentals\/#local-main-place-address"},"telephone":["+351 308 802 269"],"openingHoursSpecification":{"@type":"OpeningHoursSpecification","dayOfWeek":["Monday","Tuesday","Wednesday","Thursday","Friday","Saturday","Sunday"],"opens":"00:00","closes":"23:59"},"email":"info@qms.pt","areaServed":"Quarteira","taxID":"NIPC 517989425"},{"@type":"PostalAddress","@id":"https:\/\/qmshosts.pt\/price-optimisation-for-holiday-rentals\/#local-main-place-address","streetAddress":"Rua do Almargem 1, Fonte Santa, Quarteira","addressLocality":"Faro","postalCode":"8125-020","addressCountry":"PT"},{"@type":"ImageObject","inLanguage":"pt-PT","@id":"https:\/\/qmshosts.pt\/price-optimisation-for-holiday-rentals\/#local-main-organization-logo","url":"","contentUrl":"","caption":"Holiday Let Management Service"}]},"geo.placename":"Faro","geo.region":"Portugal"},"_links":{"self":[{"href":"https:\/\/qmshosts.pt\/pt\/wp-json\/wp\/v2\/pages\/2091","targetHints":{"allow":["GET"]}}],"collection":[{"href":"https:\/\/qmshosts.pt\/pt\/wp-json\/wp\/v2\/pages"}],"about":[{"href":"https:\/\/qmshosts.pt\/pt\/wp-json\/wp\/v2\/types\/page"}],"author":[{"embeddable":true,"href":"https:\/\/qmshosts.pt\/pt\/wp-json\/wp\/v2\/users\/1"}],"replies":[{"embeddable":true,"href":"https:\/\/qmshosts.pt\/pt\/wp-json\/wp\/v2\/comments?post=2091"}],"version-history":[{"count":0,"href":"https:\/\/qmshosts.pt\/pt\/wp-json\/wp\/v2\/pages\/2091\/revisions"}],"wp:attachment":[{"href":"https:\/\/qmshosts.pt\/pt\/wp-json\/wp\/v2\/media?parent=2091"}],"curies":[{"name":"wp","href":"https:\/\/api.w.org\/{rel}","templated":true}]}}