{"id":2105,"date":"2025-01-18T14:52:58","date_gmt":"2025-01-18T14:52:58","guid":{"rendered":"https:\/\/qmshosts.pt\/?page_id=2105"},"modified":"2025-11-04T12:23:02","modified_gmt":"2025-11-04T12:23:02","slug":"gestao-de-perfis-e-listagens","status":"publish","type":"page","link":"https:\/\/qmshosts.pt\/pt\/gestao-de-perfis-e-listagens\/","title":{"rendered":"Gest\u00e3o de perfis e listagens"},"content":{"rendered":"<div data-elementor-type=\"wp-page\" data-elementor-id=\"2105\" class=\"elementor elementor-2105\">\n\t\t\t\t\t\t<section class=\"elementor-section elementor-top-section elementor-element elementor-element-7111f67f elementor-section-boxed elementor-section-height-default elementor-section-height-default\" data-id=\"7111f67f\" data-element_type=\"section\">\n\t\t\t\t\t\t<div class=\"elementor-container elementor-column-gap-default\">\n\t\t\t\t\t<div class=\"elementor-column elementor-col-100 elementor-top-column elementor-element elementor-element-532fc1af\" data-id=\"532fc1af\" data-element_type=\"column\">\n\t\t\t<div class=\"elementor-widget-wrap elementor-element-populated\">\n\t\t\t\t\t\t<section class=\"elementor-section elementor-inner-section elementor-element elementor-element-1a4a255c elementor-section-boxed elementor-section-height-default elementor-section-height-default\" data-id=\"1a4a255c\" data-element_type=\"section\">\n\t\t\t\t\t\t<div class=\"elementor-container elementor-column-gap-default\">\n\t\t\t\t\t<div class=\"elementor-column elementor-col-100 elementor-inner-column elementor-element elementor-element-7d25e2c8\" data-id=\"7d25e2c8\" data-element_type=\"column\">\n\t\t\t<div class=\"elementor-widget-wrap elementor-element-populated\">\n\t\t\t\t\t\t<div class=\"elementor-element elementor-element-4fe67cb0 elementor-widget elementor-widget-heading\" data-id=\"4fe67cb0\" data-element_type=\"widget\" data-widget_type=\"heading.default\">\n\t\t\t\t<div class=\"elementor-widget-container\">\n\t\t\t\t\t<h2 class=\"elementor-heading-title elementor-size-default\">Gest\u00e3o de perfis e listagens para alugueres de f\u00e9rias<\/h2>\t\t\t\t<\/div>\n\t\t\t\t<\/div>\n\t\t\t\t<div class=\"elementor-element elementor-element-5adf2f76 elementor-widget-divider--view-line elementor-widget elementor-widget-divider\" data-id=\"5adf2f76\" data-element_type=\"widget\" data-widget_type=\"divider.default\">\n\t\t\t\t<div class=\"elementor-widget-container\">\n\t\t\t\t\t\t\t<div class=\"elementor-divider\">\n\t\t\t<span class=\"elementor-divider-separator\">\n\t\t\t\t\t\t<\/span>\n\t\t<\/div>\n\t\t\t\t\t\t<\/div>\n\t\t\t\t<\/div>\n\t\t\t\t\t<\/div>\n\t\t<\/div>\n\t\t\t\t\t<\/div>\n\t\t<\/section>\n\t\t\t\t\t<\/div>\n\t\t<\/div>\n\t\t\t\t\t<\/div>\n\t\t<\/section>\n\t\t<div class=\"elementor-element elementor-element-eb09fda e-flex e-con-boxed e-con e-parent\" data-id=\"eb09fda\" data-element_type=\"container\">\n\t\t\t\t\t<div class=\"e-con-inner\">\n\t\t\t\t<div class=\"elementor-element elementor-element-cfd61e5 elementor-widget elementor-widget-text-editor\" data-id=\"cfd61e5\" data-element_type=\"widget\" data-widget_type=\"text-editor.default\">\n\t\t\t\t<div class=\"elementor-widget-container\">\n\t\t\t\t\t\t\t\t\t<h3><strong>O que oferecemos<\/strong><\/h3><p>Somos especializados na gest\u00e3o dos perfis e listagens das suas propriedades em v\u00e1rias plataformas de aluguer de f\u00e9rias. O nosso objetivo \u00e9 assegurar que a sua propriedade \u00e9 consistentemente representada da melhor forma poss\u00edvel, maximizando a visibilidade e atraindo mais h\u00f3spedes.<\/p><h3><strong>Os nossos servi\u00e7os de gest\u00e3o de perfis e listagens incluem:<\/strong><\/h3><ul><li><strong>Gest\u00e3o de plataformas<\/strong>: Gerimos e optimizamos os seus an\u00fancios em todas as principais plataformas de aluguer de f\u00e9rias, como a Airbnb, Booking.com, Vrbo e outras, garantindo que a sua propriedade est\u00e1 sempre actualizada.<\/li><li><strong>Cria\u00e7\u00e3o e otimiza\u00e7\u00e3o de perfis<\/strong>: Quer esteja a come\u00e7ar do zero ou a precisar de uma atualiza\u00e7\u00e3o, criamos e optimizamos o perfil do seu im\u00f3vel com descri\u00e7\u00f5es convincentes, imagens de alta qualidade e informa\u00e7\u00f5es precisas para ajudar o seu an\u00fancio a destacar-se.<\/li><li><strong>Actualiza\u00e7\u00f5es da listagem<\/strong>: Monitorizamos e actualizamos regularmente os seus an\u00fancios, certificando-nos de que os seus pre\u00e7os, disponibilidade e comodidades est\u00e3o sempre actualizados, bem como adicionando promo\u00e7\u00f5es sazonais ou ofertas especiais.<\/li><li><strong>Gest\u00e3o da comunica\u00e7\u00e3o com os h\u00f3spedes<\/strong>: Ajudamos na comunica\u00e7\u00e3o entre si e os seus convidados, respondendo a quest\u00f5es, gerindo pedidos de reserva e assegurando uma experi\u00eancia perfeita do in\u00edcio ao fim.<\/li><\/ul><h3><strong>Porqu\u00ea escolher os nossos servi\u00e7os de gest\u00e3o de perfis e listagens?<\/strong><\/h3><ul><li><strong>Maximizar a exposi\u00e7\u00e3o<\/strong>: Asseguramos que a sua propriedade est\u00e1 listada em v\u00e1rias plataformas, maximizando a sua exposi\u00e7\u00e3o a potenciais h\u00f3spedes.<\/li><li><strong>Marca consistente<\/strong>: Ajudamos a manter um aspeto consistente e profissional em todas as plataformas, garantindo que a marca da sua propriedade se mant\u00e9m forte.<\/li><li><strong>Poupan\u00e7a de tempo<\/strong>: Com a nossa equipa de especialistas a tratar dos seus an\u00fancios e perfis, pode concentrar-se em proporcionar uma excelente experi\u00eancia aos h\u00f3spedes, enquanto n\u00f3s tratamos dos pormenores.<\/li><li><strong>Aumento das reservas<\/strong>: Atrav\u00e9s da otimiza\u00e7\u00e3o e de actualiza\u00e7\u00f5es regulares, ajudamos a aumentar a sua visibilidade, conduzindo a taxas de reserva e n\u00edveis de ocupa\u00e7\u00e3o mais elevados.<\/li><\/ul><h3><strong>Contacte-nos para gerir os seus an\u00fancios!<\/strong><\/h3><p>Deixe-nos tratar das complexidades da gest\u00e3o de perfis e listagens para que se possa concentrar em proporcionar uma experi\u00eancia memor\u00e1vel aos seus h\u00f3spedes. Quer necessite de criar novas listagens ou otimizar as existentes, estamos aqui para o ajudar. Entre em contacto connosco para saber mais!<\/p>\t\t\t\t\t\t\t\t<\/div>\n\t\t\t\t<\/div>\n\t\t\t\t\t<\/div>\n\t\t\t\t<\/div>\n\t\t\t\t<\/div>","protected":false},"excerpt":{"rendered":"<p>Profiles &amp; Listings Management for Holiday Rentals What We Offer We specialise in managing your property profiles and listings across various holiday rental platforms. Our goal is to ensure your property is consistently represented in the best possible light, maximising visibility and attracting more guests. Our Profiles &amp; Listings Management Services [&hellip;]<\/p>","protected":false},"author":1,"featured_media":0,"parent":0,"menu_order":0,"comment_status":"closed","ping_status":"closed","template":"elementor_header_footer","meta":{"footnotes":""},"class_list":["post-2105","page","type-page","status-publish","hentry"],"yoast_head":"<!-- This site is optimized with the Yoast SEO Premium plugin v26.6 (Yoast SEO v26.6) - https:\/\/yoast.com\/wordpress\/plugins\/seo\/ -->\n<title>Profiles &amp; Listings Management - Holiday Let Management Service<\/title>\n<meta name=\"description\" content=\"Boost your bookings with QMS Hosts&#039; Profiles &amp; Listings Management for Holiday Rentals. We create optimised, engaging listings on platforms.\" \/>\n<meta name=\"robots\" content=\"index, follow, max-snippet:-1, max-image-preview:large, max-video-preview:-1\" \/>\n<link rel=\"canonical\" href=\"https:\/\/qmshosts.pt\/pt\/gestao-de-perfis-e-listagens\/\" \/>\n<meta property=\"og:locale\" content=\"pt_PT\" \/>\n<meta property=\"og:type\" content=\"article\" \/>\n<meta property=\"og:title\" content=\"Profiles &amp; Listings Management\" \/>\n<meta property=\"og:description\" content=\"Boost your bookings with QMS Hosts&#039; Profiles &amp; Listings Management for Holiday Rentals. We create optimised, engaging listings on platforms.\" \/>\n<meta property=\"og:url\" content=\"https:\/\/qmshosts.pt\/pt\/gestao-de-perfis-e-listagens\/\" \/>\n<meta property=\"og:site_name\" content=\"Holiday Let Management Service\" \/>\n<meta property=\"article:modified_time\" content=\"2025-11-04T12:23:02+00:00\" \/>\n<meta name=\"twitter:card\" content=\"summary_large_image\" \/>\n<meta name=\"twitter:label1\" content=\"Tempo estimado de leitura\" \/>\n\t<meta name=\"twitter:data1\" content=\"2 minutos\" \/>\n<meta name=\"geo.placename\" content=\"Faro\" \/>\n<meta name=\"geo.region\" content=\"Portugal\" \/>\n<!-- \/ Yoast SEO Premium plugin. -->","yoast_head_json":{"title":"Profiles &amp; Listings Management - Holiday Let Management Service","description":"Aumente as suas reservas com a gest\u00e3o de perfis e listagens da QMS Hosts para alugueres de f\u00e9rias. Criamos listagens optimizadas e envolventes em plataformas.","robots":{"index":"index","follow":"follow","max-snippet":"max-snippet:-1","max-image-preview":"max-image-preview:large","max-video-preview":"max-video-preview:-1"},"canonical":"https:\/\/qmshosts.pt\/pt\/gestao-de-perfis-e-listagens\/","og_locale":"pt_PT","og_type":"article","og_title":"Profiles &amp; Listings Management","og_description":"Boost your bookings with QMS Hosts' Profiles & Listings Management for Holiday Rentals. We create optimised, engaging listings on platforms.","og_url":"https:\/\/qmshosts.pt\/pt\/gestao-de-perfis-e-listagens\/","og_site_name":"Holiday Let Management Service","article_modified_time":"2025-11-04T12:23:02+00:00","twitter_card":"summary_large_image","twitter_misc":{"Tempo estimado de leitura":"2 minutos"},"schema":{"@context":"https:\/\/schema.org","@graph":[{"@type":"WebPage","@id":"https:\/\/qmshosts.pt\/profiles-and-listings-management\/","url":"https:\/\/qmshosts.pt\/profiles-and-listings-management\/","name":"Profiles &amp; Listings Management - Holiday Let Management Service","isPartOf":{"@id":"https:\/\/qmshosts.pt\/#website"},"datePublished":"2025-01-18T14:52:58+00:00","dateModified":"2025-11-04T12:23:02+00:00","description":"Aumente as suas reservas com a gest\u00e3o de perfis e listagens da QMS Hosts para alugueres de f\u00e9rias. Criamos listagens optimizadas e envolventes em plataformas.","breadcrumb":{"@id":"https:\/\/qmshosts.pt\/profiles-and-listings-management\/#breadcrumb"},"inLanguage":"pt-PT","potentialAction":[{"@type":"ReadAction","target":["https:\/\/qmshosts.pt\/profiles-and-listings-management\/"]}]},{"@type":"BreadcrumbList","@id":"https:\/\/qmshosts.pt\/profiles-and-listings-management\/#breadcrumb","itemListElement":[{"@type":"ListItem","position":1,"name":"Home","item":"https:\/\/qmshosts.pt\/"},{"@type":"ListItem","position":2,"name":"Profiles &amp; Listings Management"}]},{"@type":"WebSite","@id":"https:\/\/qmshosts.pt\/#website","url":"https:\/\/qmshosts.pt\/","name":"Servi\u00e7o de gest\u00e3o de alugueres para f\u00e9rias","description":"Especializado em an\u00fancios Airbnb","publisher":{"@id":"https:\/\/qmshosts.pt\/#organization"},"potentialAction":[{"@type":"SearchAction","target":{"@type":"EntryPoint","urlTemplate":"https:\/\/qmshosts.pt\/?s={search_term_string}"},"query-input":{"@type":"PropertyValueSpecification","valueRequired":true,"valueName":"search_term_string"}}],"inLanguage":"pt-PT"},{"@type":["Organization","Place"],"@id":"https:\/\/qmshosts.pt\/#organization","name":"Servi\u00e7o de gest\u00e3o de alugueres para f\u00e9rias","url":"https:\/\/qmshosts.pt\/","logo":{"@id":"https:\/\/qmshosts.pt\/profiles-and-listings-management\/#local-main-organization-logo"},"image":{"@id":"https:\/\/qmshosts.pt\/profiles-and-listings-management\/#local-main-organization-logo"},"address":{"@id":"https:\/\/qmshosts.pt\/profiles-and-listings-management\/#local-main-place-address"},"telephone":["+351 308 802 269"],"openingHoursSpecification":{"@type":"OpeningHoursSpecification","dayOfWeek":["Monday","Tuesday","Wednesday","Thursday","Friday","Saturday","Sunday"],"opens":"00:00","closes":"23:59"},"email":"info@qms.pt","areaServed":"Quarteira","taxID":"NIPC 517989425"},{"@type":"PostalAddress","@id":"https:\/\/qmshosts.pt\/profiles-and-listings-management\/#local-main-place-address","streetAddress":"Rua do Almargem 1, Fonte Santa, Quarteira","addressLocality":"Faro","postalCode":"8125-020","addressCountry":"PT"},{"@type":"ImageObject","inLanguage":"pt-PT","@id":"https:\/\/qmshosts.pt\/profiles-and-listings-management\/#local-main-organization-logo","url":"","contentUrl":"","caption":"Holiday Let Management Service"}]},"geo.placename":"Faro","geo.region":"Portugal"},"_links":{"self":[{"href":"https:\/\/qmshosts.pt\/pt\/wp-json\/wp\/v2\/pages\/2105","targetHints":{"allow":["GET"]}}],"collection":[{"href":"https:\/\/qmshosts.pt\/pt\/wp-json\/wp\/v2\/pages"}],"about":[{"href":"https:\/\/qmshosts.pt\/pt\/wp-json\/wp\/v2\/types\/page"}],"author":[{"embeddable":true,"href":"https:\/\/qmshosts.pt\/pt\/wp-json\/wp\/v2\/users\/1"}],"replies":[{"embeddable":true,"href":"https:\/\/qmshosts.pt\/pt\/wp-json\/wp\/v2\/comments?post=2105"}],"version-history":[{"count":0,"href":"https:\/\/qmshosts.pt\/pt\/wp-json\/wp\/v2\/pages\/2105\/revisions"}],"wp:attachment":[{"href":"https:\/\/qmshosts.pt\/pt\/wp-json\/wp\/v2\/media?parent=2105"}],"curies":[{"name":"wp","href":"https:\/\/api.w.org\/{rel}","templated":true}]}}