{"id":2277,"date":"2025-01-19T17:38:48","date_gmt":"2025-01-19T17:38:48","guid":{"rendered":"https:\/\/qmshosts.pt\/?page_id=2277"},"modified":"2025-11-22T21:08:03","modified_gmt":"2025-11-22T21:08:03","slug":"taxas","status":"publish","type":"page","link":"https:\/\/qmshosts.pt\/pt\/taxas\/","title":{"rendered":"Taxas"},"content":{"rendered":"<div data-elementor-type=\"wp-page\" data-elementor-id=\"2277\" class=\"elementor elementor-2277\">\n\t\t\t\t\t\t<section class=\"elementor-section elementor-top-section elementor-element elementor-element-7111f67f elementor-section-boxed elementor-section-height-default elementor-section-height-default\" data-id=\"7111f67f\" data-element_type=\"section\">\n\t\t\t\t\t\t<div class=\"elementor-container elementor-column-gap-default\">\n\t\t\t\t\t<div class=\"elementor-column elementor-col-100 elementor-top-column elementor-element elementor-element-532fc1af\" data-id=\"532fc1af\" data-element_type=\"column\">\n\t\t\t<div class=\"elementor-widget-wrap elementor-element-populated\">\n\t\t\t\t\t\t<section class=\"elementor-section elementor-inner-section elementor-element elementor-element-1a4a255c elementor-section-boxed elementor-section-height-default elementor-section-height-default\" data-id=\"1a4a255c\" data-element_type=\"section\">\n\t\t\t\t\t\t<div class=\"elementor-container elementor-column-gap-default\">\n\t\t\t\t\t<div class=\"elementor-column elementor-col-100 elementor-inner-column elementor-element elementor-element-7d25e2c8\" data-id=\"7d25e2c8\" data-element_type=\"column\">\n\t\t\t<div class=\"elementor-widget-wrap elementor-element-populated\">\n\t\t\t\t\t\t<div class=\"elementor-element elementor-element-4fe67cb0 elementor-widget elementor-widget-heading\" data-id=\"4fe67cb0\" data-element_type=\"widget\" data-widget_type=\"heading.default\">\n\t\t\t\t<div class=\"elementor-widget-container\">\n\t\t\t\t\t<h2 class=\"elementor-heading-title elementor-size-default\">Os nossos honor\u00e1rios<\/h2>\t\t\t\t<\/div>\n\t\t\t\t<\/div>\n\t\t\t\t<div class=\"elementor-element elementor-element-5adf2f76 elementor-widget-divider--view-line elementor-widget elementor-widget-divider\" data-id=\"5adf2f76\" data-element_type=\"widget\" data-widget_type=\"divider.default\">\n\t\t\t\t<div class=\"elementor-widget-container\">\n\t\t\t\t\t\t\t<div class=\"elementor-divider\">\n\t\t\t<span class=\"elementor-divider-separator\">\n\t\t\t\t\t\t<\/span>\n\t\t<\/div>\n\t\t\t\t\t\t<\/div>\n\t\t\t\t<\/div>\n\t\t\t\t\t<\/div>\n\t\t<\/div>\n\t\t\t\t\t<\/div>\n\t\t<\/section>\n\t\t\t\t\t<\/div>\n\t\t<\/div>\n\t\t\t\t\t<\/div>\n\t\t<\/section>\n\t\t<div class=\"elementor-element elementor-element-eb09fda e-flex e-con-boxed e-con e-parent\" data-id=\"eb09fda\" data-element_type=\"container\">\n\t\t\t\t\t<div class=\"e-con-inner\">\n\t\t\t\t<div class=\"elementor-element elementor-element-cfd61e5 elementor-widget elementor-widget-text-editor\" data-id=\"cfd61e5\" data-element_type=\"widget\" data-widget_type=\"text-editor.default\">\n\t\t\t\t<div class=\"elementor-widget-container\">\n\t\t\t\t\t\t\t\t\t<h2>Quais s\u00e3o os custos da gest\u00e3o de propriedades?<\/h2>\n<h3><strong>Pre\u00e7os de servi\u00e7os de curta dura\u00e7\u00e3o a partir de 10%<\/strong><\/h3>\n<p>Se est\u00e1 a pensar em utilizar servi\u00e7os profissionais de gest\u00e3o da Airbnb para tratar das reservas, das tarefas administrativas, da limpeza e da manuten\u00e7\u00e3o, provavelmente est\u00e1 a pensar nos custos associados.<\/p>\n<p>Os pacotes completos que oferecem comunica\u00e7\u00e3o com os h\u00f3spedes, gest\u00e3o de reservas, otimiza\u00e7\u00e3o da propriedade e muito mais podem parecer caros. No entanto, alguns servi\u00e7os oferecem um excelente valor, ajudando-o a reter uma parte significativa das suas receitas.<\/p>\n<p>Com <strong>Anfitri\u00f5es QMS<\/strong>, Os propriet\u00e1rios de im\u00f3veis podem ficar com at\u00e9 90% do seu rendimento de aluguer - uma taxa altamente competitiva na ind\u00fastria de gest\u00e3o de alugueres de curta dura\u00e7\u00e3o.<\/p>\n<h3>Taxas competitivas<\/h3>\n<p>Uma das carater\u00edsticas de destaque da Elite Hosts \u00e9 a estrutura de taxas competitivas. Com pre\u00e7os de servi\u00e7o a partir de 10%, os propriet\u00e1rios de im\u00f3veis podem reter at\u00e9 90% de rendimentos de aluguer. Esta taxa \u00e9 altamente competitiva no sector da gest\u00e3o de alugueres de curta dura\u00e7\u00e3o, assegurando que os anfitri\u00f5es maximizam os ganhos enquanto beneficiam de servi\u00e7os de gest\u00e3o profissionais.<\/p>\n<h3>Descubra quanto pode ganhar<\/h3>\n<p>O seu pacote de gest\u00e3o de propriedades pode incluir:<\/p>\n<ul>\n<li>Criar e lan\u00e7ar o seu an\u00fancio de arrendamento de curta dura\u00e7\u00e3o<\/li>\n<li>Fazer crescer o seu neg\u00f3cio atrav\u00e9s de estrat\u00e9gias de otimiza\u00e7\u00e3o personalizadas<\/li>\n<li>Maximizar o rendimento mensal e os ganhos<\/li>\n<li>Gera\u00e7\u00e3o de um rendimento est\u00e1vel e passivo com pagamentos mensais<\/li>\n<li>Gest\u00e3o de servi\u00e7o completo para uma experi\u00eancia de alojamento sem complica\u00e7\u00f5es<\/li>\n<\/ul>\t\t\t\t\t\t\t\t<\/div>\n\t\t\t\t<\/div>\n\t\t\t\t\t<\/div>\n\t\t\t\t<\/div>\n\t\t<div class=\"elementor-element elementor-element-48806fe e-flex e-con-boxed e-con e-parent\" data-id=\"48806fe\" data-element_type=\"container\">\n\t\t\t\t\t<div class=\"e-con-inner\">\n\t\t\t\t<div class=\"elementor-element elementor-element-5f4ad51 elementor-widget elementor-widget-button\" data-id=\"5f4ad51\" data-element_type=\"widget\" data-widget_type=\"button.default\">\n\t\t\t\t<div class=\"elementor-widget-container\">\n\t\t\t\t\t\t\t\t\t<div class=\"elementor-button-wrapper\">\n\t\t\t\t\t<a class=\"elementor-button elementor-button-link elementor-size-sm\" href=\"https:\/\/qmshosts.pt\/pt\/contacto\/\">\n\t\t\t\t\t\t<span class=\"elementor-button-content-wrapper\">\n\t\t\t\t\t\t\t\t\t<span class=\"elementor-button-text\">Contactar-nos<\/span>\n\t\t\t\t\t<\/span>\n\t\t\t\t\t<\/a>\n\t\t\t\t<\/div>\n\t\t\t\t\t\t\t\t<\/div>\n\t\t\t\t<\/div>\n\t\t\t\t\t<\/div>\n\t\t\t\t<\/div>\n\t\t\t\t<\/div>","protected":false},"excerpt":{"rendered":"<p>Our Fees What Are the Costs of Property Management? Short-Let Service Pricing Starting at 10% If you&#8217;re thinking about using professional Airbnb management services to handle bookings, administrative tasks, cleaning, and maintenance, you\u2019re probably wondering about the associated costs. Comprehensive packages offering guest communication, booking management, property optimisation, and more may [&hellip;]<\/p>","protected":false},"author":1,"featured_media":3042,"parent":0,"menu_order":0,"comment_status":"closed","ping_status":"closed","template":"elementor_header_footer","meta":{"footnotes":""},"class_list":["post-2277","page","type-page","status-publish","has-post-thumbnail","hentry"],"yoast_head":"<!-- This site is optimized with the Yoast SEO Premium plugin v26.6 (Yoast SEO v26.6) - https:\/\/yoast.com\/wordpress\/plugins\/seo\/ -->\n<title>Local Accommodation Management Faro - Pricing Starting at 10%<\/title>\n<meta name=\"description\" content=\"Local Accommodation Management in Faro and Surrounding Areas. Pricing Starting at 10%. Explore QMS Hosts&#039; transparent fees.\" \/>\n<meta name=\"robots\" content=\"index, follow, max-snippet:-1, max-image-preview:large, max-video-preview:-1\" \/>\n<link rel=\"canonical\" href=\"https:\/\/qmshosts.pt\/pt\/taxas\/\" \/>\n<meta property=\"og:locale\" content=\"pt_PT\" \/>\n<meta property=\"og:type\" content=\"article\" \/>\n<meta property=\"og:title\" content=\"Fees\" \/>\n<meta property=\"og:description\" content=\"Local Accommodation Management in Faro and Surrounding Areas. Pricing Starting at 10%. Explore QMS Hosts&#039; transparent fees.\" \/>\n<meta property=\"og:url\" content=\"https:\/\/qmshosts.pt\/pt\/taxas\/\" \/>\n<meta property=\"og:site_name\" content=\"Holiday Let Management Service\" \/>\n<meta property=\"article:modified_time\" content=\"2025-11-22T21:08:03+00:00\" \/>\n<meta property=\"og:image\" content=\"https:\/\/qmshosts.pt\/wp-content\/uploads\/2025\/11\/Local-Accommodation-Management-Faro.png\" \/>\n\t<meta property=\"og:image:width\" content=\"768\" \/>\n\t<meta property=\"og:image:height\" content=\"512\" \/>\n\t<meta property=\"og:image:type\" content=\"image\/png\" \/>\n<meta name=\"twitter:card\" content=\"summary_large_image\" \/>\n<meta name=\"twitter:label1\" content=\"Tempo estimado de leitura\" \/>\n\t<meta name=\"twitter:data1\" content=\"2 minutos\" \/>\n<meta name=\"geo.placename\" content=\"Faro\" \/>\n<meta name=\"geo.region\" content=\"Portugal\" \/>\n<!-- \/ Yoast SEO Premium plugin. -->","yoast_head_json":{"title":"Gest\u00e3o de Alojamento Local Faro - Pre\u00e7os a partir de 10%","description":"Gest\u00e3o de Alojamento Local em Faro e arredores. Pre\u00e7os a partir de 10%. Explore os pre\u00e7os transparentes da QMS Hosts.","robots":{"index":"index","follow":"follow","max-snippet":"max-snippet:-1","max-image-preview":"max-image-preview:large","max-video-preview":"max-video-preview:-1"},"canonical":"https:\/\/qmshosts.pt\/pt\/taxas\/","og_locale":"pt_PT","og_type":"article","og_title":"Fees","og_description":"Local Accommodation Management in Faro and Surrounding Areas. Pricing Starting at 10%. Explore QMS Hosts' transparent fees.","og_url":"https:\/\/qmshosts.pt\/pt\/taxas\/","og_site_name":"Holiday Let Management Service","article_modified_time":"2025-11-22T21:08:03+00:00","og_image":[{"width":768,"height":512,"url":"https:\/\/qmshosts.pt\/wp-content\/uploads\/2025\/11\/Local-Accommodation-Management-Faro.png","type":"image\/png"}],"twitter_card":"summary_large_image","twitter_misc":{"Tempo estimado de leitura":"2 minutos"},"schema":{"@context":"https:\/\/schema.org","@graph":[{"@type":"WebPage","@id":"https:\/\/qmshosts.pt\/fees\/","url":"https:\/\/qmshosts.pt\/fees\/","name":"Gest\u00e3o de Alojamento Local Faro - Pre\u00e7os a partir de 10%","isPartOf":{"@id":"https:\/\/qmshosts.pt\/#website"},"primaryImageOfPage":{"@id":"https:\/\/qmshosts.pt\/fees\/#primaryimage"},"image":{"@id":"https:\/\/qmshosts.pt\/fees\/#primaryimage"},"thumbnailUrl":"https:\/\/qmshosts.pt\/wp-content\/uploads\/2025\/11\/Local-Accommodation-Management-Faro.png","datePublished":"2025-01-19T17:38:48+00:00","dateModified":"2025-11-22T21:08:03+00:00","description":"Gest\u00e3o de Alojamento Local em Faro e arredores. Pre\u00e7os a partir de 10%. Explore os pre\u00e7os transparentes da QMS Hosts.","breadcrumb":{"@id":"https:\/\/qmshosts.pt\/fees\/#breadcrumb"},"inLanguage":"pt-PT","potentialAction":[{"@type":"ReadAction","target":["https:\/\/qmshosts.pt\/fees\/"]}]},{"@type":"ImageObject","inLanguage":"pt-PT","@id":"https:\/\/qmshosts.pt\/fees\/#primaryimage","url":"https:\/\/qmshosts.pt\/wp-content\/uploads\/2025\/11\/Local-Accommodation-Management-Faro.png","contentUrl":"https:\/\/qmshosts.pt\/wp-content\/uploads\/2025\/11\/Local-Accommodation-Management-Faro.png","width":768,"height":512,"caption":"Local Accommodation Management Faro"},{"@type":"BreadcrumbList","@id":"https:\/\/qmshosts.pt\/fees\/#breadcrumb","itemListElement":[{"@type":"ListItem","position":1,"name":"Home","item":"https:\/\/qmshosts.pt\/"},{"@type":"ListItem","position":2,"name":"Fees"}]},{"@type":"WebSite","@id":"https:\/\/qmshosts.pt\/#website","url":"https:\/\/qmshosts.pt\/","name":"Servi\u00e7o de gest\u00e3o de alugueres para f\u00e9rias","description":"Especializado em an\u00fancios Airbnb","publisher":{"@id":"https:\/\/qmshosts.pt\/#organization"},"potentialAction":[{"@type":"SearchAction","target":{"@type":"EntryPoint","urlTemplate":"https:\/\/qmshosts.pt\/?s={search_term_string}"},"query-input":{"@type":"PropertyValueSpecification","valueRequired":true,"valueName":"search_term_string"}}],"inLanguage":"pt-PT"},{"@type":["Organization","Place"],"@id":"https:\/\/qmshosts.pt\/#organization","name":"Servi\u00e7o de gest\u00e3o de alugueres para f\u00e9rias","url":"https:\/\/qmshosts.pt\/","logo":{"@id":"https:\/\/qmshosts.pt\/fees\/#local-main-organization-logo"},"image":{"@id":"https:\/\/qmshosts.pt\/fees\/#local-main-organization-logo"},"address":{"@id":"https:\/\/qmshosts.pt\/fees\/#local-main-place-address"},"telephone":["+351 308 802 269"],"openingHoursSpecification":{"@type":"OpeningHoursSpecification","dayOfWeek":["Monday","Tuesday","Wednesday","Thursday","Friday","Saturday","Sunday"],"opens":"00:00","closes":"23:59"},"email":"info@qms.pt","areaServed":"Quarteira","taxID":"NIPC 517989425"},{"@type":"PostalAddress","@id":"https:\/\/qmshosts.pt\/fees\/#local-main-place-address","streetAddress":"Rua do Almargem 1, Fonte Santa, Quarteira","addressLocality":"Faro","postalCode":"8125-020","addressCountry":"PT"},{"@type":"ImageObject","inLanguage":"pt-PT","@id":"https:\/\/qmshosts.pt\/fees\/#local-main-organization-logo","url":"","contentUrl":"","caption":"Holiday Let Management Service"}]},"geo.placename":"Faro","geo.region":"Portugal"},"_links":{"self":[{"href":"https:\/\/qmshosts.pt\/pt\/wp-json\/wp\/v2\/pages\/2277","targetHints":{"allow":["GET"]}}],"collection":[{"href":"https:\/\/qmshosts.pt\/pt\/wp-json\/wp\/v2\/pages"}],"about":[{"href":"https:\/\/qmshosts.pt\/pt\/wp-json\/wp\/v2\/types\/page"}],"author":[{"embeddable":true,"href":"https:\/\/qmshosts.pt\/pt\/wp-json\/wp\/v2\/users\/1"}],"replies":[{"embeddable":true,"href":"https:\/\/qmshosts.pt\/pt\/wp-json\/wp\/v2\/comments?post=2277"}],"version-history":[{"count":2,"href":"https:\/\/qmshosts.pt\/pt\/wp-json\/wp\/v2\/pages\/2277\/revisions"}],"predecessor-version":[{"id":3043,"href":"https:\/\/qmshosts.pt\/pt\/wp-json\/wp\/v2\/pages\/2277\/revisions\/3043"}],"wp:featuredmedia":[{"embeddable":true,"href":"https:\/\/qmshosts.pt\/pt\/wp-json\/wp\/v2\/media\/3042"}],"wp:attachment":[{"href":"https:\/\/qmshosts.pt\/pt\/wp-json\/wp\/v2\/media?parent=2277"}],"curies":[{"name":"wp","href":"https:\/\/api.w.org\/{rel}","templated":true}]}}